{"id":1753,"date":"2019-05-08T17:06:24","date_gmt":"2019-05-08T17:06:24","guid":{"rendered":"https:\/\/denled.sonqb.com\/?post_type=product&#038;p=1753"},"modified":"2025-06-09T02:01:09","modified_gmt":"2025-06-09T02:01:09","slug":"den-led-op-tran-mong-vuong-18w","status":"publish","type":"product","link":"https:\/\/htled.vn\/?product=den-led-op-tran-mong-vuong-18w","title":{"rendered":"\u0110\u00e8n LED \u1ed0p tr\u1ea7n trang tr\u00ed Vu\u00f4ng 15W"},"content":{"rendered":"<h2><strong>\u0110\u00e8n LED \u1ed0p tr\u1ea7n Ti\u1ebft ki\u1ec7m \u0111\u1ebfn 90 % \u0111i\u1ec7n n\u0103ng<\/strong><\/h2>\n<p>Ti\u1ebft ki\u1ec7m 90% \u0111i\u1ec7n n\u0103ng thay th\u1ebf \u0111\u00e8n s\u1ee3i \u0111\u1ed1t<br \/>\nTi\u1ebft ki\u1ec7m 45%-50% \u0111i\u1ec7n n\u0103ng thay th\u1ebf \u0111\u00e8n compact<br \/>\nGi\u00fap gi\u1ea3m chi ph\u00ed h\u00f3a \u0111\u01a1n ti\u1ec1n \u0111i\u1ec7n<\/p>\n<h2><strong>Tu\u1ed5i th\u1ecd cao<\/strong><\/h2>\n<p>Tu\u1ed5i th\u1ecd cao 25000 gi\u1edd, \u0111\u1ed9 tin c\u1eady cao, kh\u00f4ng h\u1ea1n ch\u1ebf s\u1ed1 l\u1ea7n b\u1eadt t\u1eaft<br \/>\nCao g\u1ea5p 15 l\u1ea7n so v\u1edbi b\u00f3ng \u0111\u00e8n s\u1ee3i \u0111\u1ed1t<br \/>\nCao g\u1ea5p 2-3 l\u1ea7n so v\u1edbi \u0111\u00e8n copmact<\/p>\n<h2><strong>D\u1ea3i \u0111i\u1ec7n \u00e1p ho\u1ea1t \u0111\u1ed9ng r\u1ed9ng<\/strong><\/h2>\n<p>\u0110\u00e8n LED c\u00f3 d\u1ea3i \u0111i\u1ec7n \u00e1p r\u1ed9ng (110 \u2013 245V) \u00e1nh s\u00e1ng v\u00e0 c\u00f4ng su\u1ea5t kh\u00f4ng thay \u0111\u1ed5i khi \u0111i\u1ec7n \u00e1p l\u01b0\u1edbi thay \u0111\u1ed5i.<br \/>\nT\u01b0\u01a1ng th\u00edch \u0111i\u1ec7n t\u1eeb tr\u01b0\u1eddng kh\u00f4ng g\u00e2y ra hi\u1ec7n t\u01b0\u1ee3ng nhi\u1ec5u cho s\u1ea3n ph\u1ea9m \u0111i\u1ec7n t\u1eed v\u00e0 kh\u00f4ng b\u1ecb \u1ea3nh h\u01b0\u1edfng nhi\u1ec5u c\u1ee7a c\u00e1c thi\u1ebft b\u1ecb \u0111i\u1ec7n t\u1eed kh\u00e1c<\/p>\n<h2><span id=\"Da_dang_phien_ban_8211_Dieu_chinh_linh_hoat\"><b>\u0110a d\u1ea1ng phi\u00ean b\u1ea3n \u2013 \u0110i\u1ec1u ch\u1ec9nh linh ho\u1ea1t<\/b><\/span><\/h2>\n<ul>\n<li aria-level=\"1\"><b>An to\u00e0n v\u00e0 th\u00e2n thi\u1ec7n<\/b>: \u0110\u00e8n \u0111\u01b0\u1ee3c l\u00e0m t\u1eeb ch\u1ea5t li\u1ec7u nh\u1ef1a PC v\u00e0 t\u1ea5m th\u1ea5u s\u00e1ng nh\u1ef1a PS, gi\u1ea3m tr\u1ecdng l\u01b0\u1ee3ng \u0111\u00e8n v\u00e0 \u0111\u1ea3m b\u1ea3o ch\u1ea5t l\u01b0\u1ee3ng th\u1ea5u s\u00e1ng c\u1ee7a \u00e1nh s\u00e1ng.<\/li>\n<li aria-level=\"1\"><b>Linh ho\u1ea1t \u0111i\u1ec1u ch\u1ec9nh ki\u1ec3u d\u00e1ng l\u1eafp \u0111\u1eb7t<\/b>: \u0110\u00e8n \u1ed1p tr\u1ea7n vi\u1ec1n trang tr\u00ed Simon c\u00f3 2 d\u1ea1ng l\u00e0 tr\u00f2n v\u00e0 vu\u00f4ng. Ngo\u00e0i ra, \u0111\u00e8n vu\u00f4ng c\u00f3 th\u1ec3 xoay 90 \u0111\u1ed9 \u0111\u1ec3 l\u1eafp d\u1ea1ng h\u00ecnh thoi \u0111\u1ec3 t\u0103ng hi\u1ec7u qu\u1ea3 trang tr\u00ed trong c\u0103n nh\u00e0.<\/li>\n<\/ul>\n<h2><strong>Th\u00e2n thi\u1ec7n m\u00f4i tr\u01b0\u1eddng<\/strong><\/h2>\n<p>Kh\u00f4ng ch\u1ee9a th\u1ee7y ng\u00e2n v\u00e0 h\u00f3a ch\u1ea5t \u0111\u1ed9c h\u1ea1i, kh\u00f4ng ph\u00e1t ra tia t\u1eed ngo\u1ea1i, an to\u00e0n cho ng\u01b0\u1eddi s\u1eed d\u1ee5ng<\/p>\n<h2><strong>\u1ee8ng d\u1ee5ng<\/strong><\/h2>\n<p>\u0110\u00e8n \u1ed1p tr\u1ea7n vi\u1ec1n trang tr\u00ed \u0111a s\u1eafc\u00a0Simon l\u00e0 l\u1ef1a ch\u1ecdn l\u00fd t\u01b0\u1edfng cho nhi\u1ec1u kh\u00f4ng gian kh\u00e1c nhau.<\/p>\n<ul>\n<li aria-level=\"1\"><b>Ph\u00f2ng kh\u00e1ch<\/b>: T\u1ea1o \u0111i\u1ec3m nh\u1ea5n cho kh\u00f4ng gian ti\u1ebfp kh\u00e1ch v\u1edbi \u00e1nh s\u00e1ng \u1ea5m c\u00fang v\u00e0 sang tr\u1ecdng.<\/li>\n<li aria-level=\"1\"><b>Ph\u00f2ng ng\u1ee7<\/b>: Mang \u0111\u1ebfn c\u1ea3m gi\u00e1c th\u01b0 gi\u00e3n v\u00e0 d\u1ec5 ch\u1ecbu v\u1edbi \u00e1nh s\u00e1ng d\u1ecbu nh\u1eb9.<\/li>\n<li aria-level=\"1\"><b>Khu v\u1ef1c c\u00f4ng c\u1ed9ng<\/b>: T\u0103ng t\u00ednh th\u1ea9m m\u1ef9 cho nh\u00e0 h\u00e0ng, kh\u00e1ch s\u1ea1n, trung t\u00e2m th\u01b0\u01a1ng m\u1ea1i v\u1edbi thi\u1ebft k\u1ebf hi\u1ec7n \u0111\u1ea1i v\u00e0 hi\u1ec7u \u1ee9ng \u00e1nh s\u00e1ng \u1ea5n t\u01b0\u1ee3ng.<\/li>\n<\/ul>\n","protected":false},"excerpt":{"rendered":"<ul>\n<li>C\u00f4ng su\u1ea5t: 15 W<\/li>\n<li>\u0110i\u1ec7n \u00e1p: 110-245V AC<\/li>\n<li>Nhi\u1ec7t \u0111\u1ed9 m\u00e0u: 6500K<\/li>\n<li>Quang th\u00f4ng: 1500 lm<\/li>\n<li>K\u00edch th\u01b0\u1edbc (DxRxC): (170x170x46) mm<\/li>\n<li>B\u1ea3o H\u00e0nh: 2 N\u0103m<\/li>\n<li>\n<h3>Ti\u00eau chu\u1ea9n \u00e1p d\u1ee5ng<\/h3>\n<p><a>Ti\u00eau chu\u1ea9n IEC 60598-2-2:2011 \u0110\u00e8n led l\u1eafp ch\u00ecm cho chi\u1ebfu S\u00e1ng trong nh\u00e0<\/a><br \/>\n<a>TCVN 10885-2-1(IEC 62722 -2-1:2014) \u0110\u00e8n \u0110i\u1ec7n LED<\/a><br \/>\n<a>ISO 9001:2015<\/a><\/li>\n<\/ul>\n","protected":false},"featured_media":1842,"comment_status":"open","ping_status":"closed","template":"","meta":[],"product_brand":[],"product_cat":[114,117],"product_tag":[],"class_list":{"0":"post-1753","1":"product","2":"type-product","3":"status-publish","4":"has-post-thumbnail","6":"product_cat-den-led-am-tran","7":"product_cat-den-led-am-tran-chong-choi-de-mong","9":"first","10":"instock","11":"shipping-taxable","12":"product-type-simple"},"yoast_head":"<!-- This site is optimized with the Yoast SEO plugin v25.1 - https:\/\/yoast.com\/wordpress\/plugins\/seo\/ -->\n<title>\u0110\u00e8n LED \u1ed0p tr\u1ea7n trang tr\u00ed Vu\u00f4ng 15W - \u0110\u00e8n LED HT Lighitng<\/title>\n<meta name=\"robots\" content=\"noindex, follow, max-snippet:-1, max-image-preview:large, max-video-preview:-1\" \/>\n<meta property=\"og:locale\" content=\"vi_VN\" \/>\n<meta property=\"og:type\" content=\"article\" \/>\n<meta property=\"og:title\" content=\"\u0110\u00e8n LED \u1ed0p tr\u1ea7n trang tr\u00ed Vu\u00f4ng 15W - \u0110\u00e8n LED HT Lighitng\" \/>\n<meta property=\"og:description\" content=\"C\u00f4ng su\u1ea5t: 15 W  \u0110i\u1ec7n \u00e1p: 110-245V AC  Nhi\u1ec7t \u0111\u1ed9 m\u00e0u: 6500K  Quang th\u00f4ng: 1500 lm  K\u00edch th\u01b0\u1edbc (DxRxC): (170x170x46) mm  B\u1ea3o H\u00e0nh: 2 N\u0103m   Ti\u00eau chu\u1ea9n \u00e1p d\u1ee5ng Ti\u00eau chu\u1ea9n IEC 60598-2-2:2011 \u0110\u00e8n led l\u1eafp ch\u00ecm cho chi\u1ebfu S\u00e1ng trong nh\u00e0 TCVN 10885-2-1(IEC 62722 -2-1:2014) \u0110\u00e8n \u0110i\u1ec7n LED ISO 9001:2015\" \/>\n<meta property=\"og:url\" content=\"https:\/\/htled.vn\/?product=den-led-op-tran-mong-vuong-18w\" \/>\n<meta property=\"og:site_name\" content=\"\u0110\u00e8n LED HT Lighitng\" \/>\n<meta property=\"article:modified_time\" content=\"2025-06-09T02:01:09+00:00\" \/>\n<meta property=\"og:image\" content=\"https:\/\/htled.vn\/wp-content\/uploads\/2019\/05\/Den-led-op-tran-Simon-SPT1011-25-600x600-1.jpg\" \/>\n\t<meta property=\"og:image:width\" content=\"600\" \/>\n\t<meta property=\"og:image:height\" content=\"600\" \/>\n\t<meta property=\"og:image:type\" content=\"image\/jpeg\" \/>\n<meta name=\"twitter:card\" content=\"summary_large_image\" \/>\n<meta name=\"twitter:label1\" content=\"\u01af\u1edbc t\u00ednh th\u1eddi gian \u0111\u1ecdc\" \/>\n\t<meta name=\"twitter:data1\" content=\"2 ph\u00fat\" \/>\n<script type=\"application\/ld+json\" class=\"yoast-schema-graph\">{\"@context\":\"https:\/\/schema.org\",\"@graph\":[{\"@type\":\"WebPage\",\"@id\":\"https:\/\/htled.vn\/?product=den-led-op-tran-mong-vuong-18w\",\"url\":\"https:\/\/htled.vn\/?product=den-led-op-tran-mong-vuong-18w\",\"name\":\"\u0110\u00e8n LED \u1ed0p tr\u1ea7n trang tr\u00ed Vu\u00f4ng 15W - \u0110\u00e8n LED HT Lighitng\",\"isPartOf\":{\"@id\":\"https:\/\/htled.vn\/#website\"},\"primaryImageOfPage\":{\"@id\":\"https:\/\/htled.vn\/?product=den-led-op-tran-mong-vuong-18w#primaryimage\"},\"image\":{\"@id\":\"https:\/\/htled.vn\/?product=den-led-op-tran-mong-vuong-18w#primaryimage\"},\"thumbnailUrl\":\"https:\/\/htled.vn\/wp-content\/uploads\/2019\/05\/Den-led-op-tran-Simon-SPT1011-25-600x600-1.jpg\",\"datePublished\":\"2019-05-08T17:06:24+00:00\",\"dateModified\":\"2025-06-09T02:01:09+00:00\",\"breadcrumb\":{\"@id\":\"https:\/\/htled.vn\/?product=den-led-op-tran-mong-vuong-18w#breadcrumb\"},\"inLanguage\":\"vi\",\"potentialAction\":[{\"@type\":\"ReadAction\",\"target\":[\"https:\/\/htled.vn\/?product=den-led-op-tran-mong-vuong-18w\"]}]},{\"@type\":\"ImageObject\",\"inLanguage\":\"vi\",\"@id\":\"https:\/\/htled.vn\/?product=den-led-op-tran-mong-vuong-18w#primaryimage\",\"url\":\"https:\/\/htled.vn\/wp-content\/uploads\/2019\/05\/Den-led-op-tran-Simon-SPT1011-25-600x600-1.jpg\",\"contentUrl\":\"https:\/\/htled.vn\/wp-content\/uploads\/2019\/05\/Den-led-op-tran-Simon-SPT1011-25-600x600-1.jpg\",\"width\":600,\"height\":600},{\"@type\":\"BreadcrumbList\",\"@id\":\"https:\/\/htled.vn\/?product=den-led-op-tran-mong-vuong-18w#breadcrumb\",\"itemListElement\":[{\"@type\":\"ListItem\",\"position\":1,\"name\":\"Trang ch\u1ee7\",\"item\":\"https:\/\/htled.vn\/\"},{\"@type\":\"ListItem\",\"position\":2,\"name\":\"S\u1ea3n ph\u1ea9m\",\"item\":\"https:\/\/htled.vn\/?page_id=682\"},{\"@type\":\"ListItem\",\"position\":3,\"name\":\"\u0110\u00e8n LED \u1ed0p tr\u1ea7n trang tr\u00ed Vu\u00f4ng 15W\"}]},{\"@type\":\"WebSite\",\"@id\":\"https:\/\/htled.vn\/#website\",\"url\":\"https:\/\/htled.vn\/\",\"name\":\"\u0110\u00e8n LED HT Lighitng\",\"description\":\"HT led\",\"potentialAction\":[{\"@type\":\"SearchAction\",\"target\":{\"@type\":\"EntryPoint\",\"urlTemplate\":\"https:\/\/htled.vn\/?s={search_term_string}\"},\"query-input\":{\"@type\":\"PropertyValueSpecification\",\"valueRequired\":true,\"valueName\":\"search_term_string\"}}],\"inLanguage\":\"vi\"}]}<\/script>\n<!-- \/ Yoast SEO plugin. -->","yoast_head_json":{"title":"\u0110\u00e8n LED \u1ed0p tr\u1ea7n trang tr\u00ed Vu\u00f4ng 15W - \u0110\u00e8n LED HT Lighitng","robots":{"index":"noindex","follow":"follow","max-snippet":"max-snippet:-1","max-image-preview":"max-image-preview:large","max-video-preview":"max-video-preview:-1"},"og_locale":"vi_VN","og_type":"article","og_title":"\u0110\u00e8n LED \u1ed0p tr\u1ea7n trang tr\u00ed Vu\u00f4ng 15W - \u0110\u00e8n LED HT Lighitng","og_description":"C\u00f4ng su\u1ea5t: 15 W  \u0110i\u1ec7n \u00e1p: 110-245V AC  Nhi\u1ec7t \u0111\u1ed9 m\u00e0u: 6500K  Quang th\u00f4ng: 1500 lm  K\u00edch th\u01b0\u1edbc (DxRxC): (170x170x46) mm  B\u1ea3o H\u00e0nh: 2 N\u0103m   Ti\u00eau chu\u1ea9n \u00e1p d\u1ee5ng Ti\u00eau chu\u1ea9n IEC 60598-2-2:2011 \u0110\u00e8n led l\u1eafp ch\u00ecm cho chi\u1ebfu S\u00e1ng trong nh\u00e0 TCVN 10885-2-1(IEC 62722 -2-1:2014) \u0110\u00e8n \u0110i\u1ec7n LED ISO 9001:2015","og_url":"https:\/\/htled.vn\/?product=den-led-op-tran-mong-vuong-18w","og_site_name":"\u0110\u00e8n LED HT Lighitng","article_modified_time":"2025-06-09T02:01:09+00:00","og_image":[{"width":600,"height":600,"url":"https:\/\/htled.vn\/wp-content\/uploads\/2019\/05\/Den-led-op-tran-Simon-SPT1011-25-600x600-1.jpg","type":"image\/jpeg"}],"twitter_card":"summary_large_image","twitter_misc":{"\u01af\u1edbc t\u00ednh th\u1eddi gian \u0111\u1ecdc":"2 ph\u00fat"},"schema":{"@context":"https:\/\/schema.org","@graph":[{"@type":"WebPage","@id":"https:\/\/htled.vn\/?product=den-led-op-tran-mong-vuong-18w","url":"https:\/\/htled.vn\/?product=den-led-op-tran-mong-vuong-18w","name":"\u0110\u00e8n LED \u1ed0p tr\u1ea7n trang tr\u00ed Vu\u00f4ng 15W - \u0110\u00e8n LED HT Lighitng","isPartOf":{"@id":"https:\/\/htled.vn\/#website"},"primaryImageOfPage":{"@id":"https:\/\/htled.vn\/?product=den-led-op-tran-mong-vuong-18w#primaryimage"},"image":{"@id":"https:\/\/htled.vn\/?product=den-led-op-tran-mong-vuong-18w#primaryimage"},"thumbnailUrl":"https:\/\/htled.vn\/wp-content\/uploads\/2019\/05\/Den-led-op-tran-Simon-SPT1011-25-600x600-1.jpg","datePublished":"2019-05-08T17:06:24+00:00","dateModified":"2025-06-09T02:01:09+00:00","breadcrumb":{"@id":"https:\/\/htled.vn\/?product=den-led-op-tran-mong-vuong-18w#breadcrumb"},"inLanguage":"vi","potentialAction":[{"@type":"ReadAction","target":["https:\/\/htled.vn\/?product=den-led-op-tran-mong-vuong-18w"]}]},{"@type":"ImageObject","inLanguage":"vi","@id":"https:\/\/htled.vn\/?product=den-led-op-tran-mong-vuong-18w#primaryimage","url":"https:\/\/htled.vn\/wp-content\/uploads\/2019\/05\/Den-led-op-tran-Simon-SPT1011-25-600x600-1.jpg","contentUrl":"https:\/\/htled.vn\/wp-content\/uploads\/2019\/05\/Den-led-op-tran-Simon-SPT1011-25-600x600-1.jpg","width":600,"height":600},{"@type":"BreadcrumbList","@id":"https:\/\/htled.vn\/?product=den-led-op-tran-mong-vuong-18w#breadcrumb","itemListElement":[{"@type":"ListItem","position":1,"name":"Trang ch\u1ee7","item":"https:\/\/htled.vn\/"},{"@type":"ListItem","position":2,"name":"S\u1ea3n ph\u1ea9m","item":"https:\/\/htled.vn\/?page_id=682"},{"@type":"ListItem","position":3,"name":"\u0110\u00e8n LED \u1ed0p tr\u1ea7n trang tr\u00ed Vu\u00f4ng 15W"}]},{"@type":"WebSite","@id":"https:\/\/htled.vn\/#website","url":"https:\/\/htled.vn\/","name":"\u0110\u00e8n LED HT Lighitng","description":"HT led","potentialAction":[{"@type":"SearchAction","target":{"@type":"EntryPoint","urlTemplate":"https:\/\/htled.vn\/?s={search_term_string}"},"query-input":{"@type":"PropertyValueSpecification","valueRequired":true,"valueName":"search_term_string"}}],"inLanguage":"vi"}]}},"_links":{"self":[{"href":"https:\/\/htled.vn\/index.php?rest_route=\/wp\/v2\/product\/1753","targetHints":{"allow":["GET"]}}],"collection":[{"href":"https:\/\/htled.vn\/index.php?rest_route=\/wp\/v2\/product"}],"about":[{"href":"https:\/\/htled.vn\/index.php?rest_route=\/wp\/v2\/types\/product"}],"replies":[{"embeddable":true,"href":"https:\/\/htled.vn\/index.php?rest_route=%2Fwp%2Fv2%2Fcomments&post=1753"}],"wp:featuredmedia":[{"embeddable":true,"href":"https:\/\/htled.vn\/index.php?rest_route=\/wp\/v2\/media\/1842"}],"wp:attachment":[{"href":"https:\/\/htled.vn\/index.php?rest_route=%2Fwp%2Fv2%2Fmedia&parent=1753"}],"wp:term":[{"taxonomy":"product_brand","embeddable":true,"href":"https:\/\/htled.vn\/index.php?rest_route=%2Fwp%2Fv2%2Fproduct_brand&post=1753"},{"taxonomy":"product_cat","embeddable":true,"href":"https:\/\/htled.vn\/index.php?rest_route=%2Fwp%2Fv2%2Fproduct_cat&post=1753"},{"taxonomy":"product_tag","embeddable":true,"href":"https:\/\/htled.vn\/index.php?rest_route=%2Fwp%2Fv2%2Fproduct_tag&post=1753"}],"curies":[{"name":"wp","href":"https:\/\/api.w.org\/{rel}","templated":true}]}}