{"id":1748,"date":"2019-05-08T16:51:05","date_gmt":"2019-05-08T16:51:05","guid":{"rendered":"https:\/\/denled.sonqb.com\/?post_type=product&#038;p=1748"},"modified":"2019-05-08T17:31:49","modified_gmt":"2019-05-08T17:31:49","slug":"den-led-nha-xuong-lowbay-30w","status":"publish","type":"product","link":"https:\/\/htled.vn\/?product=den-led-nha-xuong-lowbay-30w","title":{"rendered":"\u0110\u00e8n LED Nh\u00e0 x\u01b0\u1edfng Lowbay 30W"},"content":{"rendered":"<h2>\u0110\u00e8n LED Nh\u00e0 x\u01b0\u1edfng ti\u1ebft ki\u1ec7m 40% \u0111i\u1ec7n n\u0103ng<\/h2>\n<p>S\u1eed d\u1ee5ng chip LED Samsung c\u00f3 hi\u1ec7u su\u1ea5t s\u00e1ng 150lm\/W,<br \/>\nTi\u1ebft ki\u1ec7m 40% \u0111i\u1ec7n n\u0103ng thay th\u1ebf \u0111\u00e8n compact 50W<br \/>\nGi\u00fap gi\u1ea3m chi ph\u00ed h\u00f3a \u0111\u01a1n ti\u1ec1n \u0111i\u1ec7n.<\/p>\n<h2>Tu\u1ed5i th\u1ecd cao<\/h2>\n<p>Tu\u1ed5i th\u1ecd\u00a015000 gi\u1edd, \u0111\u1ed9 tin c\u1eady cao, kh\u00f4ng h\u1ea1n ch\u1ebf s\u1ed1 l\u1ea7n b\u1eadt t\u1eaft<br \/>\nCao g\u1ea5p 2.5-3 l\u1ea7n so v\u1edbi \u0111\u00e8n copmact<\/p>\n<h2>D\u1ea3i \u0111i\u1ec7n \u00e1p ho\u1ea1t \u0111\u1ed9ng r\u1ed9ng, t\u01b0\u01a1ng th\u00edch \u0111i\u1ec7n t\u1eeb tr\u01b0\u1eddng<\/h2>\n<p>\u0110\u00e8n LED c\u00f3 d\u1ea3i \u0111i\u1ec7n \u00e1p r\u1ed9ng (150-250V) \u00e1nh s\u00e1ng v\u00e0 c\u00f4ng su\u1ea5t kh\u00f4ng thay \u0111\u1ed5i khi \u0111i\u1ec7n \u00e1p l\u01b0\u1edbi thay \u0111\u1ed5i<br \/>\nT\u01b0\u01a1ng th\u00edch \u0111i\u1ec7n t\u1eeb tr\u01b0\u1eddng kh\u00f4ng g\u00e2y ra hi\u1ec7n t\u01b0\u1ee3ng nhi\u1ec5u cho s\u1ea3n ph\u1ea9m \u0111i\u1ec7n t\u1eed v\u00e0 kh\u00f4ng b\u1ecb \u1ea3nh h\u01b0\u1edfng nhi\u1ec5u c\u1ee7a c\u00e1c thi\u1ebft b\u1ecb \u0111i\u1ec7n t\u1eed kh\u00e1c<\/p>\n<h2>H\u1ec7 s\u1ed1 tr\u1ea3 m\u00e0u (CRI &gt;= 80)<\/h2>\n<p>H\u1ec7 s\u1ed1 tr\u1ea3 m\u00e0u cao (CRI &gt;= 80), \u00e1nh s\u00e1ng trung th\u1ef1c t\u1ef1 nhi\u00ean.<br \/>\nT\u0103ng kh\u1ea3 n\u0103ng nh\u1eadn di\u1ec7n m\u00e0u s\u1eafc c\u1ee7a v\u1eadt \u0111\u01b0\u1ee3c chi\u1ebfu s\u00e1ng.<br \/>\n\u0110\u00e1p \u1ee9ng ti\u00eau chu\u1ea9n chi\u1ebfu s\u00e1ng Vi\u1ec7t Nam TCVN 7114: 2008<\/p>\n<h2>\u0110\u00e1p \u1ee9ng Ti\u00eau chu\u1ea9n Vi\u1ec7t Nam (TCVN), Qu\u1ed1c t\u1ebf (IEC)<\/h2>\n<p>TCVN 7722-1:2009\/ IEC 60598-1: 2008: v\u1ec1 \u0111\u00e8n \u0111i\u1ec7n<\/p>\n<h2>Th\u00e2n thi\u1ec7n m\u00f4i tr\u01b0\u1eddng<\/h2>\n<p>Kh\u00f4ng ch\u1ee9a th\u1ee7y ng\u00e2n v\u00e0 h\u00f3a ch\u1ea5t \u0111\u1ed9c h\u1ea1i, kh\u00f4ng ph\u00e1t ra tia t\u1eed ngo\u1ea1i, an to\u00e0n cho ng\u01b0\u1eddi s\u1eed d\u1ee5ng<\/p>\n<h2>\u1ee8ng d\u1ee5ng<\/h2>\n<p>Chi\u1ebfu s\u00e1ng nh\u00e0 x\u01b0\u1edfng, nh\u00e0 h\u00e0ng<br \/>\n\u0110\u00e8n LED lowbay 20W -30W -50W \u00a0l\u1eafp \u0111\u1eb7t khu v\u1ef1c th\u00f4ng t\u1ea7ng trong si\u00eau th\u1ecb, trung t\u00e2m th\u01b0\u01a1ng m\u1ea1i.<br \/>\n\u0110\u00e8n LED Lowbay c\u00f4ng su\u1ea5t \u00a050W l\u1eafp \u1edf \u0111\u1ed9 cao 4-5m<br \/>\nL\u1eafp \u0111\u1eb7t treo th\u1ea3<\/p>\n","protected":false},"excerpt":{"rendered":"<ul>\n<li>C\u00f4ng su\u1ea5t: 30W<\/li>\n<li>\u0110i\u1ec7n \u00e1p: 220V\/50Hz<\/li>\n<li>Quang th\u00f4ng: 2500lm<\/li>\n<li>Nhi\u1ec7t \u0111\u1ed9 m\u00e0u: 6500K\/5000K\/3000K<\/li>\n<li>K\u00edch th\u01b0\u1edbc (\u0424xC): 281x133mm<\/li>\n<li>C\u1ea5p b\u1ea3o v\u1ec7: IP54<\/li>\n<li>\u0110\u1ea7u \u0111\u00e8n: E27 li\u1ec1n chao<\/li>\n<li>G\u00f3c m\u1edf: 100 \u0111\u1ed9<\/li>\n<\/ul>\n","protected":false},"featured_media":1759,"comment_status":"open","ping_status":"closed","template":"","meta":[],"product_brand":[],"product_cat":[134],"product_tag":[],"class_list":{"0":"post-1748","1":"product","2":"type-product","3":"status-publish","4":"has-post-thumbnail","6":"product_cat-den-led-xuong","8":"first","9":"instock","10":"shipping-taxable","11":"product-type-simple"},"yoast_head":"<!-- This site is optimized with the Yoast SEO plugin v25.1 - https:\/\/yoast.com\/wordpress\/plugins\/seo\/ -->\n<title>\u0110\u00e8n LED Nh\u00e0 x\u01b0\u1edfng Lowbay 30W - \u0110\u00e8n LED HT Lighitng<\/title>\n<meta name=\"robots\" content=\"noindex, follow, max-snippet:-1, max-image-preview:large, max-video-preview:-1\" \/>\n<meta property=\"og:locale\" content=\"vi_VN\" \/>\n<meta property=\"og:type\" content=\"article\" \/>\n<meta property=\"og:title\" content=\"\u0110\u00e8n LED Nh\u00e0 x\u01b0\u1edfng Lowbay 30W - \u0110\u00e8n LED HT Lighitng\" \/>\n<meta property=\"og:description\" content=\"C\u00f4ng su\u1ea5t: 30W  \u0110i\u1ec7n \u00e1p: 220V\/50Hz  Quang th\u00f4ng: 2500lm  Nhi\u1ec7t \u0111\u1ed9 m\u00e0u: 6500K\/5000K\/3000K  K\u00edch th\u01b0\u1edbc (\u0424xC): 281x133mm  C\u1ea5p b\u1ea3o v\u1ec7: IP54  \u0110\u1ea7u \u0111\u00e8n: E27 li\u1ec1n chao  G\u00f3c m\u1edf: 100 \u0111\u1ed9\" \/>\n<meta property=\"og:url\" content=\"https:\/\/htled.vn\/?product=den-led-nha-xuong-lowbay-30w\" \/>\n<meta property=\"og:site_name\" content=\"\u0110\u00e8n LED HT Lighitng\" \/>\n<meta property=\"article:modified_time\" content=\"2019-05-08T17:31:49+00:00\" \/>\n<meta property=\"og:image\" content=\"https:\/\/htled.vn\/wp-content\/uploads\/2019\/05\/den-led-nha-xuong.jpg\" \/>\n\t<meta property=\"og:image:width\" content=\"600\" \/>\n\t<meta property=\"og:image:height\" content=\"600\" \/>\n\t<meta property=\"og:image:type\" content=\"image\/jpeg\" \/>\n<meta name=\"twitter:card\" content=\"summary_large_image\" \/>\n<meta name=\"twitter:label1\" content=\"\u01af\u1edbc t\u00ednh th\u1eddi gian \u0111\u1ecdc\" \/>\n\t<meta name=\"twitter:data1\" content=\"2 ph\u00fat\" \/>\n<script type=\"application\/ld+json\" class=\"yoast-schema-graph\">{\"@context\":\"https:\/\/schema.org\",\"@graph\":[{\"@type\":\"WebPage\",\"@id\":\"https:\/\/htled.vn\/?product=den-led-nha-xuong-lowbay-30w\",\"url\":\"https:\/\/htled.vn\/?product=den-led-nha-xuong-lowbay-30w\",\"name\":\"\u0110\u00e8n LED Nh\u00e0 x\u01b0\u1edfng Lowbay 30W - \u0110\u00e8n LED HT Lighitng\",\"isPartOf\":{\"@id\":\"https:\/\/htled.vn\/#website\"},\"primaryImageOfPage\":{\"@id\":\"https:\/\/htled.vn\/?product=den-led-nha-xuong-lowbay-30w#primaryimage\"},\"image\":{\"@id\":\"https:\/\/htled.vn\/?product=den-led-nha-xuong-lowbay-30w#primaryimage\"},\"thumbnailUrl\":\"https:\/\/htled.vn\/wp-content\/uploads\/2019\/05\/den-led-nha-xuong.jpg\",\"datePublished\":\"2019-05-08T16:51:05+00:00\",\"dateModified\":\"2019-05-08T17:31:49+00:00\",\"breadcrumb\":{\"@id\":\"https:\/\/htled.vn\/?product=den-led-nha-xuong-lowbay-30w#breadcrumb\"},\"inLanguage\":\"vi\",\"potentialAction\":[{\"@type\":\"ReadAction\",\"target\":[\"https:\/\/htled.vn\/?product=den-led-nha-xuong-lowbay-30w\"]}]},{\"@type\":\"ImageObject\",\"inLanguage\":\"vi\",\"@id\":\"https:\/\/htled.vn\/?product=den-led-nha-xuong-lowbay-30w#primaryimage\",\"url\":\"https:\/\/htled.vn\/wp-content\/uploads\/2019\/05\/den-led-nha-xuong.jpg\",\"contentUrl\":\"https:\/\/htled.vn\/wp-content\/uploads\/2019\/05\/den-led-nha-xuong.jpg\",\"width\":600,\"height\":600,\"caption\":\"Den Led Nha Xuong\"},{\"@type\":\"BreadcrumbList\",\"@id\":\"https:\/\/htled.vn\/?product=den-led-nha-xuong-lowbay-30w#breadcrumb\",\"itemListElement\":[{\"@type\":\"ListItem\",\"position\":1,\"name\":\"Trang ch\u1ee7\",\"item\":\"https:\/\/htled.vn\/\"},{\"@type\":\"ListItem\",\"position\":2,\"name\":\"S\u1ea3n ph\u1ea9m\",\"item\":\"https:\/\/htled.vn\/?page_id=682\"},{\"@type\":\"ListItem\",\"position\":3,\"name\":\"\u0110\u00e8n LED Nh\u00e0 x\u01b0\u1edfng Lowbay 30W\"}]},{\"@type\":\"WebSite\",\"@id\":\"https:\/\/htled.vn\/#website\",\"url\":\"https:\/\/htled.vn\/\",\"name\":\"\u0110\u00e8n LED HT Lighitng\",\"description\":\"HT led\",\"potentialAction\":[{\"@type\":\"SearchAction\",\"target\":{\"@type\":\"EntryPoint\",\"urlTemplate\":\"https:\/\/htled.vn\/?s={search_term_string}\"},\"query-input\":{\"@type\":\"PropertyValueSpecification\",\"valueRequired\":true,\"valueName\":\"search_term_string\"}}],\"inLanguage\":\"vi\"}]}<\/script>\n<!-- \/ Yoast SEO plugin. -->","yoast_head_json":{"title":"\u0110\u00e8n LED Nh\u00e0 x\u01b0\u1edfng Lowbay 30W - \u0110\u00e8n LED HT Lighitng","robots":{"index":"noindex","follow":"follow","max-snippet":"max-snippet:-1","max-image-preview":"max-image-preview:large","max-video-preview":"max-video-preview:-1"},"og_locale":"vi_VN","og_type":"article","og_title":"\u0110\u00e8n LED Nh\u00e0 x\u01b0\u1edfng Lowbay 30W - \u0110\u00e8n LED HT Lighitng","og_description":"C\u00f4ng su\u1ea5t: 30W  \u0110i\u1ec7n \u00e1p: 220V\/50Hz  Quang th\u00f4ng: 2500lm  Nhi\u1ec7t \u0111\u1ed9 m\u00e0u: 6500K\/5000K\/3000K  K\u00edch th\u01b0\u1edbc (\u0424xC): 281x133mm  C\u1ea5p b\u1ea3o v\u1ec7: IP54  \u0110\u1ea7u \u0111\u00e8n: E27 li\u1ec1n chao  G\u00f3c m\u1edf: 100 \u0111\u1ed9","og_url":"https:\/\/htled.vn\/?product=den-led-nha-xuong-lowbay-30w","og_site_name":"\u0110\u00e8n LED HT Lighitng","article_modified_time":"2019-05-08T17:31:49+00:00","og_image":[{"width":600,"height":600,"url":"https:\/\/htled.vn\/wp-content\/uploads\/2019\/05\/den-led-nha-xuong.jpg","type":"image\/jpeg"}],"twitter_card":"summary_large_image","twitter_misc":{"\u01af\u1edbc t\u00ednh th\u1eddi gian \u0111\u1ecdc":"2 ph\u00fat"},"schema":{"@context":"https:\/\/schema.org","@graph":[{"@type":"WebPage","@id":"https:\/\/htled.vn\/?product=den-led-nha-xuong-lowbay-30w","url":"https:\/\/htled.vn\/?product=den-led-nha-xuong-lowbay-30w","name":"\u0110\u00e8n LED Nh\u00e0 x\u01b0\u1edfng Lowbay 30W - \u0110\u00e8n LED HT Lighitng","isPartOf":{"@id":"https:\/\/htled.vn\/#website"},"primaryImageOfPage":{"@id":"https:\/\/htled.vn\/?product=den-led-nha-xuong-lowbay-30w#primaryimage"},"image":{"@id":"https:\/\/htled.vn\/?product=den-led-nha-xuong-lowbay-30w#primaryimage"},"thumbnailUrl":"https:\/\/htled.vn\/wp-content\/uploads\/2019\/05\/den-led-nha-xuong.jpg","datePublished":"2019-05-08T16:51:05+00:00","dateModified":"2019-05-08T17:31:49+00:00","breadcrumb":{"@id":"https:\/\/htled.vn\/?product=den-led-nha-xuong-lowbay-30w#breadcrumb"},"inLanguage":"vi","potentialAction":[{"@type":"ReadAction","target":["https:\/\/htled.vn\/?product=den-led-nha-xuong-lowbay-30w"]}]},{"@type":"ImageObject","inLanguage":"vi","@id":"https:\/\/htled.vn\/?product=den-led-nha-xuong-lowbay-30w#primaryimage","url":"https:\/\/htled.vn\/wp-content\/uploads\/2019\/05\/den-led-nha-xuong.jpg","contentUrl":"https:\/\/htled.vn\/wp-content\/uploads\/2019\/05\/den-led-nha-xuong.jpg","width":600,"height":600,"caption":"Den Led Nha Xuong"},{"@type":"BreadcrumbList","@id":"https:\/\/htled.vn\/?product=den-led-nha-xuong-lowbay-30w#breadcrumb","itemListElement":[{"@type":"ListItem","position":1,"name":"Trang ch\u1ee7","item":"https:\/\/htled.vn\/"},{"@type":"ListItem","position":2,"name":"S\u1ea3n ph\u1ea9m","item":"https:\/\/htled.vn\/?page_id=682"},{"@type":"ListItem","position":3,"name":"\u0110\u00e8n LED Nh\u00e0 x\u01b0\u1edfng Lowbay 30W"}]},{"@type":"WebSite","@id":"https:\/\/htled.vn\/#website","url":"https:\/\/htled.vn\/","name":"\u0110\u00e8n LED HT Lighitng","description":"HT led","potentialAction":[{"@type":"SearchAction","target":{"@type":"EntryPoint","urlTemplate":"https:\/\/htled.vn\/?s={search_term_string}"},"query-input":{"@type":"PropertyValueSpecification","valueRequired":true,"valueName":"search_term_string"}}],"inLanguage":"vi"}]}},"_links":{"self":[{"href":"https:\/\/htled.vn\/index.php?rest_route=\/wp\/v2\/product\/1748","targetHints":{"allow":["GET"]}}],"collection":[{"href":"https:\/\/htled.vn\/index.php?rest_route=\/wp\/v2\/product"}],"about":[{"href":"https:\/\/htled.vn\/index.php?rest_route=\/wp\/v2\/types\/product"}],"replies":[{"embeddable":true,"href":"https:\/\/htled.vn\/index.php?rest_route=%2Fwp%2Fv2%2Fcomments&post=1748"}],"wp:featuredmedia":[{"embeddable":true,"href":"https:\/\/htled.vn\/index.php?rest_route=\/wp\/v2\/media\/1759"}],"wp:attachment":[{"href":"https:\/\/htled.vn\/index.php?rest_route=%2Fwp%2Fv2%2Fmedia&parent=1748"}],"wp:term":[{"taxonomy":"product_brand","embeddable":true,"href":"https:\/\/htled.vn\/index.php?rest_route=%2Fwp%2Fv2%2Fproduct_brand&post=1748"},{"taxonomy":"product_cat","embeddable":true,"href":"https:\/\/htled.vn\/index.php?rest_route=%2Fwp%2Fv2%2Fproduct_cat&post=1748"},{"taxonomy":"product_tag","embeddable":true,"href":"https:\/\/htled.vn\/index.php?rest_route=%2Fwp%2Fv2%2Fproduct_tag&post=1748"}],"curies":[{"name":"wp","href":"https:\/\/api.w.org\/{rel}","templated":true}]}}