{"id":1733,"date":"2019-05-08T16:11:32","date_gmt":"2019-05-08T16:11:32","guid":{"rendered":"https:\/\/denled.sonqb.com\/?post_type=product&#038;p=1733"},"modified":"2019-05-08T16:34:30","modified_gmt":"2019-05-08T16:34:30","slug":"den-led-pha-sip-30w","status":"publish","type":"product","link":"https:\/\/htled.vn\/?product=den-led-pha-sip-30w","title":{"rendered":"\u0110\u00e8n led pha SIP 30w"},"content":{"rendered":"<p>\u0110\u00e8n led pha SIP l\u00e0 m\u1ed9t s\u1ea3n ph\u1ea9m m\u1edbi kh\u1eb3ng \u0111\u1ecbnh b\u01b0\u1edbc ti\u1ebfn v\u1ec1 c\u00f4ng ngh\u1ec7 s\u1ea3n xu\u1ea5t \u0111\u00e8n led pha c\u1ee7a\u00a0<strong>TLC Lighting<\/strong>. \u0110\u00e8n kh\u1eafc ph\u1ee5c \u0111\u01b0\u1ee3c nh\u1eefng h\u1ea1n ch\u1ebf c\u1ee7a nh\u1eefng d\u00f2ng \u0111\u00e8n pha tr\u00ean th\u1ecb tr\u01b0\u1eddng b\u1eb1ng nh\u1eefng \u01b0u \u0111i\u1ec3m v\u01b0\u1ee3t tr\u1ed9i.<\/p>\n<p>V\u1edbi nh\u1eefng \u01b0u \u0111i\u1ec3m n\u1ed5i b\u1eadt c\u1ee7a m\u00ecnh, \u0111\u00e8n led pha SIP c\u00f3 th\u1ec3 chinh ph\u1ee5c \u0111\u01b0\u1ee3c c\u1ea3 nh\u1eefng kh\u00e1ch h\u00e0ng kh\u00f3 t\u00ednh nh\u1ea5t.<\/p>\n<h2>\u01afu \u0111i\u1ec3m c\u1ee7a \u0111\u00e8n led pha SIP<\/h2>\n<ul>\n<li><strong>\u0110\u00e8n led pha SIP c\u1ee7a TLC Lighting<\/strong>\u00a0c\u00f3\u00a0ch\u1ec9 s\u1ed1 ch\u1ed1ng n\u01b0\u1edbc IP67\u00a0cao h\u01a1n h\u1eb3n nh\u1eefng d\u00f2ng \u0111\u00e8n pha hi\u1ec7n t\u1ea1i tr\u00ean th\u1ecb tr\u01b0\u1eddng. Hi\u1ec7n t\u1ea1i, c\u00e1c d\u00f2ng \u0111\u00e8n pha tr\u00ean th\u1ecb tr\u01b0\u1eddng c\u00f3 ch\u1ec9 s\u1ed1 IP dao \u0111\u1ed9ng t\u1eeb 63-65 kh\u00f4ng ch\u1ed1ng n\u01b0\u1edbc \u0111\u01b0\u1ee3c ho\u00e0n to\u00e0n. V\u1edbi thi\u1ebft k\u1ebf \u0111\u1eb7c bi\u1ec7t, \u0111\u00e8n led pha SIP c\u00f3 kh\u1ea3 n\u0103ng ch\u1ed1ng n\u01b0\u1edbc v\u01b0\u1ee3t tr\u1ed9i h\u01a1n, ph\u00f9 h\u1ee3p s\u1eed d\u1ee5ng cho nh\u1eefng c\u00f4ng tr\u00ecnh ngo\u00e0i tr\u1eddi m\u00e0 kh\u00f4ng ch\u1ecbu \u1ea3nh h\u01b0\u1edfng b\u1edfi nh\u1eefng t\u00e1c \u0111\u1ed9ng c\u1ee7a th\u1eddi ti\u1ebft.<\/li>\n<li>\u0110\u00e8n pha l\u00e0 s\u1ea3n ph\u1ea9m \u0111\u01b0\u1ee3c s\u1eed d\u1ee5ng v\u1edbi m\u1ee5c \u0111\u00edch chi\u1ebfu xa trong nh\u1eefng kh\u00f4ng gian r\u1ed9ng v\u1edbi c\u1ef1 li l\u1edbn. V\u00ec v\u1eady, \u0111\u00e8n led pha SIP \u0111\u01b0\u1ee3c c\u1ea5u t\u1ea1o h\u1ec7 th\u1ed1ng chip led cao c\u1ea5p, c\u00f3 kh\u1ea3 n\u0103ng\u00a0chi\u1ebfu xa g\u1ea5p 3 l\u1ea7n\u00a0nh\u1eefng lo\u1ea1i \u0111\u00e8n pha th\u00f4ng th\u01b0\u1eddng.<\/li>\n<li><strong>\u0110\u00e8n led pha SIP<\/strong>\u00a0\u0111\u01b0\u1ee3c thi\u1ebft k\u1ebf th\u00e0nh m\u1ed9t th\u1ec3 th\u1ed1ng nh\u1ea5t kh\u00f4ng th\u1ec3 t\u00e1ch r\u1eddi, v\u00f4 c\u00f9ng ch\u1eafc ch\u1eafn, ch\u1ed1ng ch\u1ecbu \u0111\u01b0\u1ee3c nh\u1eefng va \u0111\u1eadp m\u1ea1nh.<\/li>\n<li>\u0110\u1ebf t\u1ea3n nhi\u1ec7t c\u1ee7a \u0111\u00e8n \u0111\u01b0\u1ee3c l\u00e0m t\u1eeb ch\u1ea5t li\u1ec7u nh\u00f4m gi\u00fap t\u1ea3n nhi\u1ec7t hi\u1ec7u qu\u1ea3, \u0111\u00e8n pha l\u00e0 \u0111\u00e8n c\u00f3 c\u00f4ng su\u1ea5t l\u1edbn n\u00ean trong qu\u00e1 tr\u00ecnh ho\u1ea1t \u0111\u1ed9ng s\u1ebd s\u1ea3n sinh ra l\u01b0\u1ee3ng nhi\u1ec7t l\u1edbn, v\u00ec v\u1eady, b\u1ed9 ph\u1eadn t\u1ea3n nhi\u1ec7t c\u00f3 ch\u1ee9c n\u0103ng v\u00f4 c\u00f9ng quan tr\u1ecdng gi\u00fap ph\u00e2n t\u00e1n l\u01b0\u1ee3ng nhi\u1ec7t, tr\u00e1nh t\u00ecnh tr\u1ea1ng \u0111\u00e8n ho\u1ea1t \u0111\u1ed9ng trong th\u1eddi gian d\u00e0i b\u1ecb n\u00f3ng qu\u00e1 g\u00e2y h\u01b0 h\u1ecfng, ch\u1eadp ch\u00e1y, l\u00e0m t\u0103ng tu\u1ed5i th\u1ecd cho \u0111\u00e8n.<\/li>\n<li>Ch\u00ednh s\u00e1ch b\u1ea3o h\u00e0nh\u00a0lu\u00f4n l\u00e0 v\u1ea5n \u0111\u1ec1 quan t\u00e2m c\u1ee7a t\u1ea5t c\u1ea3 c\u00e1c \u0111\u1ea1i l\u00fd v\u00e0 kh\u00e1ch h\u00e0ng v\u00ec \u0111\u00e8n pha l\u00e0 d\u00f2ng \u0111\u00e8n \u0111\u1eb7c th\u00f9 s\u1eed d\u1ee5ng ngo\u00e0i tr\u1eddi l\u00e0 ch\u1ee7 y\u1ebfu n\u00ean d\u1ec5 b\u1ecb h\u01b0 h\u1ecfng do nh\u1eefng t\u00e1c \u0111\u1ed9ng b\u00ean ngo\u00e0i. \u0110\u1ed1i v\u1edbi, \u0111\u00e8n led pha SIP c\u1ee7a TLC Lighting \u0111\u01b0\u1ee3c \u00e1p d\u1ee5ng ch\u00ednh s\u00e1ch b\u1ea3o h\u00e0nh \u0111\u1ed5i m\u1edbi trong v\u00f2ng 2 n\u0103m. V\u00ec v\u1eady, qu\u00fd kh\u00e1ch c\u00f3 th\u1ec3 ho\u00e0n to\u00e0n y\u00ean t\u00e2m khi l\u1ef1a ch\u1ecdn s\u1ea3n ph\u1ea9m n\u00e0y \u0111\u1ec3 kinh doanh hay s\u1eed d\u1ee5ng.<\/li>\n<\/ul>\n<figure style=\"width: 600px\" class=\"wp-caption aligncenter\"><img loading=\"lazy\" decoding=\"async\" src=\"http:\/\/denled3.maugiaodien.com\/wp-content\/uploads\/2019\/05\/den-led-pha-sip-30w-1733.jpg\" alt=\"3 lo\u1ea1i c\u00f4ng su\u1ea5t c\u1ee7a \u0111\u00e8n led pha SIP\" width=\"600\" height=\"400\" \/><figcaption class=\"wp-caption-text\">3 lo\u1ea1i c\u00f4ng su\u1ea5t c\u1ee7a \u0111\u00e8n led pha SIP<\/figcaption><\/figure>\n<h2>\u1ee8ng d\u1ee5ng c\u1ee7a \u0111\u00e8n led pha SIP trong cu\u1ed9c s\u1ed1ng<\/h2>\n<p>V\u1edbi \u0111\u1eb7c th\u00f9 chi\u1ebfu xa, \u0111\u00e8n ho\u1ea1t \u0111\u1ed9ng v\u1edbi c\u00f4ng su\u1ea5t l\u1edbn, ph\u00e1t ra \u00e1nh s\u00e1ng v\u1edbi c\u01b0\u1eddng \u0111\u1ed9 m\u1ea1nh\u00a0<strong>\u0111\u00e8n led pha SIP<\/strong>\u00a0\u0111\u01b0\u1ee3c \u1ee9ng d\u1ee5ng ch\u1ee7 y\u1ebfu trong c\u00e1c c\u00f4ng tr\u00ecnh ngo\u00e0i tr\u1eddi v\u1edbi m\u1ee5c \u0111\u00edch chi\u1ebfu s\u00e1ng, trang tr\u00ed,\u2026<\/p>\n<ul>\n<li>L\u1eafp \u0111\u1eb7t cho nh\u1eefng s\u00e2n th\u1ec3 thao: c\u00e1c s\u00e2n t\u1eadp th\u1ec3 thao ngo\u00e0i tr\u1eddi s\u1eed d\u1ee5ng ch\u1ee7 y\u1ebfu l\u00e0 \u0111\u00e8n led pha \u00e1nh s\u00e1ng tr\u1eafng v\u00ec nhu c\u1ea7u s\u1eed d\u1ee5ng \u00e1nh s\u00e1ng cao. C\u00e1c lo\u1ea1i s\u00e2n nh\u01b0 s\u00e2n b\u00f3ng \u0111\u00e1, s\u00e2n tennis, s\u00e2n c\u1ea7u l\u00f4ng,\u2026th\u01b0\u1eddng \u0111\u01b0\u1ee3c s\u1eed d\u1ee5ng ch\u1ee7 y\u1ebfu v\u00e0o bu\u1ed5i t\u1ed1i, v\u00ec \u0111\u1ed1i t\u01b0\u1ee3ng kh\u00e1ch h\u00e0ng s\u1eed d\u1ee5ng ch\u1ee7 y\u1ebfu l\u00e0 d\u00e2n v\u0103n ph\u00f2ng, sinh vi\u00ean ch\u1ec9 c\u00f3 th\u1eddi gian r\u1ea3nh v\u00e0o khung gi\u1edd n\u00e0y. V\u00ec v\u1eady, c\u00e1c ch\u1ee7 d\u1ef1 \u00e1n c\u1ea7n s\u1eed d\u1ee5ng\u00a0\u0111\u00e8n pha led\u00a0\u0111\u1ec3 \u0111\u1ea3m b\u1ea3o cung c\u1ea5p \u0111\u1ee7 \u00e1nh s\u00e1ng cho ng\u01b0\u1eddi ch\u01a1i.<\/li>\n<li>L\u1eafp \u0111\u1eb7t \u0111\u1ec3 trang tr\u00ed: s\u1eed d\u1ee5ng \u0111\u00e8n pha \u0111\u1ec3 h\u1eaft s\u00e1ng v\u00e0o t\u01b0\u1eddng nh\u00e0, c\u00e2y c\u1ed1i kh\u00f4ng c\u00f2n l\u00e0 h\u00ecnh th\u1ee9c trang tr\u00ed xa l\u1ea1. \u0110\u1eb7c bi\u1ec7t, nh\u1eefng ng\u00f4i bi\u1ec7t th\u1ef1 c\u00f3 h\u1ec7 th\u1ed1ng s\u00e2n v\u01b0\u1eddn th\u00ec \u0111\u00e8n pha \u0111\u01b0\u1ee3c l\u1ef1a ch\u1ecdn r\u1ea5t nhi\u1ec1u. Ch\u1ee7 nahf kh\u00f4ng ch\u1ec9 thi\u1ebft k\u1ebf \u0111\u1ec3 h\u1eaft s\u00e1ng t\u01b0\u1eddng c\u1ee7a ng\u00f4i nh\u00e0 m\u00e0 c\u00f2n l\u1eafp \u0111\u1eb7t d\u01b0\u1edbi nh\u1eefng g\u1ed1c c\u00e2y, t\u1ea1o hi\u1ec7u \u1ee9ng \u00e1nh s\u00e1ng r\u1ea5t \u0111\u1eb9p m\u1eaft, n\u00e2ng cao t\u00ednh th\u1ea9m m\u1ef9 cho ng\u00f4i nh\u00e0.<\/li>\n<\/ul>\n","protected":false},"excerpt":{"rendered":"<ul>\n<li>C\u00f4ng su\u1ea5t: 30w<\/li>\n<li>Quang th\u00f4ng: 3450 lm<\/li>\n<li>K\u00edch th\u01b0\u1edbc: 240x205x55<\/li>\n<li>M\u00e0u \u00e1nh s\u00e1ng: tr\u1eafng \/ v\u00e0ng<\/li>\n<li>\u0110i\u1ec7n \u00e1p: 85-240w<\/li>\n<\/ul>\n","protected":false},"featured_media":1744,"comment_status":"open","ping_status":"closed","template":"","meta":[],"product_brand":[],"product_cat":[129,130],"product_tag":[145,146,147],"class_list":{"0":"post-1733","1":"product","2":"type-product","3":"status-publish","4":"has-post-thumbnail","6":"product_cat-den-led-pha","7":"product_cat-den-led-pha-sip","8":"product_tag-san-xuat-den-led-tai-sai-gon","9":"product_tag-san-xuat-den-led-tai-thanh-pho-ho-chi-minh","10":"product_tag-san-xuat-den-led-tai-viet-nam","12":"first","13":"instock","14":"shipping-taxable","15":"product-type-simple"},"yoast_head":"<!-- This site is optimized with the Yoast SEO plugin v25.1 - https:\/\/yoast.com\/wordpress\/plugins\/seo\/ -->\n<title>\u0110\u00e8n led pha SIP 30w - \u0110\u00e8n LED HT Lighitng<\/title>\n<meta name=\"description\" content=\"\u0110\u00e8n led pha SIP l\u00e0 m\u1ed9t s\u1ea3n ph\u1ea9m m\u1edbi kh\u1eb3ng \u0111\u1ecbnh b\u01b0\u1edbc ti\u1ebfn v\u1ec1 c\u00f4ng ngh\u1ec7 s\u1ea3n xu\u1ea5t \u0111\u00e8n led pha c\u1ee7a\u00a0TLC Lighting. \u0110\u00e8n kh\u1eafc ph\u1ee5c \u0111\u01b0\u1ee3c nh\u1eefng h\u1ea1n ch\u1ebf c\u1ee7a nh\u1eefng d\u00f2ng \u0111\u00e8n pha tr\u00ean th\u1ecb tr\u01b0\u1eddng b\u1eb1ng nh\u1eefng \u01b0u \u0111i\u1ec3m v\u01b0\u1ee3t tr\u1ed9i.\" \/>\n<meta name=\"robots\" content=\"noindex, follow, max-snippet:-1, max-image-preview:large, max-video-preview:-1\" \/>\n<meta property=\"og:locale\" content=\"vi_VN\" \/>\n<meta property=\"og:type\" content=\"article\" \/>\n<meta property=\"og:title\" content=\"\u0110\u00e8n led pha SIP 30w - \u0110\u00e8n LED HT Lighitng\" \/>\n<meta property=\"og:description\" content=\"\u0110\u00e8n led pha SIP l\u00e0 m\u1ed9t s\u1ea3n ph\u1ea9m m\u1edbi kh\u1eb3ng \u0111\u1ecbnh b\u01b0\u1edbc ti\u1ebfn v\u1ec1 c\u00f4ng ngh\u1ec7 s\u1ea3n xu\u1ea5t \u0111\u00e8n led pha c\u1ee7a\u00a0TLC Lighting. \u0110\u00e8n kh\u1eafc ph\u1ee5c \u0111\u01b0\u1ee3c nh\u1eefng h\u1ea1n ch\u1ebf c\u1ee7a nh\u1eefng d\u00f2ng \u0111\u00e8n pha tr\u00ean th\u1ecb tr\u01b0\u1eddng b\u1eb1ng nh\u1eefng \u01b0u \u0111i\u1ec3m v\u01b0\u1ee3t tr\u1ed9i.\" \/>\n<meta property=\"og:url\" content=\"https:\/\/htled.vn\/?product=den-led-pha-sip-30w\" \/>\n<meta property=\"og:site_name\" content=\"\u0110\u00e8n LED HT Lighitng\" \/>\n<meta property=\"article:modified_time\" content=\"2019-05-08T16:34:30+00:00\" \/>\n<meta property=\"og:image\" content=\"https:\/\/htled.vn\/wp-content\/uploads\/2019\/05\/den-led-pha-sip.jpg\" \/>\n\t<meta property=\"og:image:width\" content=\"600\" \/>\n\t<meta property=\"og:image:height\" content=\"600\" \/>\n\t<meta property=\"og:image:type\" content=\"image\/jpeg\" \/>\n<meta name=\"twitter:card\" content=\"summary_large_image\" \/>\n<meta name=\"twitter:label1\" content=\"\u01af\u1edbc t\u00ednh th\u1eddi gian \u0111\u1ecdc\" \/>\n\t<meta name=\"twitter:data1\" content=\"5 ph\u00fat\" \/>\n<script type=\"application\/ld+json\" class=\"yoast-schema-graph\">{\"@context\":\"https:\/\/schema.org\",\"@graph\":[{\"@type\":\"WebPage\",\"@id\":\"https:\/\/htled.vn\/?product=den-led-pha-sip-30w\",\"url\":\"https:\/\/htled.vn\/?product=den-led-pha-sip-30w\",\"name\":\"\u0110\u00e8n led pha SIP 30w - \u0110\u00e8n LED HT Lighitng\",\"isPartOf\":{\"@id\":\"https:\/\/htled.vn\/#website\"},\"primaryImageOfPage\":{\"@id\":\"https:\/\/htled.vn\/?product=den-led-pha-sip-30w#primaryimage\"},\"image\":{\"@id\":\"https:\/\/htled.vn\/?product=den-led-pha-sip-30w#primaryimage\"},\"thumbnailUrl\":\"https:\/\/htled.vn\/wp-content\/uploads\/2019\/05\/den-led-pha-sip.jpg\",\"datePublished\":\"2019-05-08T16:11:32+00:00\",\"dateModified\":\"2019-05-08T16:34:30+00:00\",\"description\":\"\u0110\u00e8n led pha SIP l\u00e0 m\u1ed9t s\u1ea3n ph\u1ea9m m\u1edbi kh\u1eb3ng \u0111\u1ecbnh b\u01b0\u1edbc ti\u1ebfn v\u1ec1 c\u00f4ng ngh\u1ec7 s\u1ea3n xu\u1ea5t \u0111\u00e8n led pha c\u1ee7a\u00a0TLC Lighting. \u0110\u00e8n kh\u1eafc ph\u1ee5c \u0111\u01b0\u1ee3c nh\u1eefng h\u1ea1n ch\u1ebf c\u1ee7a nh\u1eefng d\u00f2ng \u0111\u00e8n pha tr\u00ean th\u1ecb tr\u01b0\u1eddng b\u1eb1ng nh\u1eefng \u01b0u \u0111i\u1ec3m v\u01b0\u1ee3t tr\u1ed9i.\",\"breadcrumb\":{\"@id\":\"https:\/\/htled.vn\/?product=den-led-pha-sip-30w#breadcrumb\"},\"inLanguage\":\"vi\",\"potentialAction\":[{\"@type\":\"ReadAction\",\"target\":[\"https:\/\/htled.vn\/?product=den-led-pha-sip-30w\"]}]},{\"@type\":\"ImageObject\",\"inLanguage\":\"vi\",\"@id\":\"https:\/\/htled.vn\/?product=den-led-pha-sip-30w#primaryimage\",\"url\":\"https:\/\/htled.vn\/wp-content\/uploads\/2019\/05\/den-led-pha-sip.jpg\",\"contentUrl\":\"https:\/\/htled.vn\/wp-content\/uploads\/2019\/05\/den-led-pha-sip.jpg\",\"width\":600,\"height\":600,\"caption\":\"Den Led Pha Sip\"},{\"@type\":\"BreadcrumbList\",\"@id\":\"https:\/\/htled.vn\/?product=den-led-pha-sip-30w#breadcrumb\",\"itemListElement\":[{\"@type\":\"ListItem\",\"position\":1,\"name\":\"Trang ch\u1ee7\",\"item\":\"https:\/\/htled.vn\/\"},{\"@type\":\"ListItem\",\"position\":2,\"name\":\"S\u1ea3n ph\u1ea9m\",\"item\":\"https:\/\/htled.vn\/?page_id=682\"},{\"@type\":\"ListItem\",\"position\":3,\"name\":\"\u0110\u00e8n led pha SIP 30w\"}]},{\"@type\":\"WebSite\",\"@id\":\"https:\/\/htled.vn\/#website\",\"url\":\"https:\/\/htled.vn\/\",\"name\":\"\u0110\u00e8n LED HT Lighitng\",\"description\":\"HT led\",\"potentialAction\":[{\"@type\":\"SearchAction\",\"target\":{\"@type\":\"EntryPoint\",\"urlTemplate\":\"https:\/\/htled.vn\/?s={search_term_string}\"},\"query-input\":{\"@type\":\"PropertyValueSpecification\",\"valueRequired\":true,\"valueName\":\"search_term_string\"}}],\"inLanguage\":\"vi\"}]}<\/script>\n<!-- \/ Yoast SEO plugin. -->","yoast_head_json":{"title":"\u0110\u00e8n led pha SIP 30w - \u0110\u00e8n LED HT Lighitng","description":"\u0110\u00e8n led pha SIP l\u00e0 m\u1ed9t s\u1ea3n ph\u1ea9m m\u1edbi kh\u1eb3ng \u0111\u1ecbnh b\u01b0\u1edbc ti\u1ebfn v\u1ec1 c\u00f4ng ngh\u1ec7 s\u1ea3n xu\u1ea5t \u0111\u00e8n led pha c\u1ee7a\u00a0TLC Lighting. \u0110\u00e8n kh\u1eafc ph\u1ee5c \u0111\u01b0\u1ee3c nh\u1eefng h\u1ea1n ch\u1ebf c\u1ee7a nh\u1eefng d\u00f2ng \u0111\u00e8n pha tr\u00ean th\u1ecb tr\u01b0\u1eddng b\u1eb1ng nh\u1eefng \u01b0u \u0111i\u1ec3m v\u01b0\u1ee3t tr\u1ed9i.","robots":{"index":"noindex","follow":"follow","max-snippet":"max-snippet:-1","max-image-preview":"max-image-preview:large","max-video-preview":"max-video-preview:-1"},"og_locale":"vi_VN","og_type":"article","og_title":"\u0110\u00e8n led pha SIP 30w - \u0110\u00e8n LED HT Lighitng","og_description":"\u0110\u00e8n led pha SIP l\u00e0 m\u1ed9t s\u1ea3n ph\u1ea9m m\u1edbi kh\u1eb3ng \u0111\u1ecbnh b\u01b0\u1edbc ti\u1ebfn v\u1ec1 c\u00f4ng ngh\u1ec7 s\u1ea3n xu\u1ea5t \u0111\u00e8n led pha c\u1ee7a\u00a0TLC Lighting. \u0110\u00e8n kh\u1eafc ph\u1ee5c \u0111\u01b0\u1ee3c nh\u1eefng h\u1ea1n ch\u1ebf c\u1ee7a nh\u1eefng d\u00f2ng \u0111\u00e8n pha tr\u00ean th\u1ecb tr\u01b0\u1eddng b\u1eb1ng nh\u1eefng \u01b0u \u0111i\u1ec3m v\u01b0\u1ee3t tr\u1ed9i.","og_url":"https:\/\/htled.vn\/?product=den-led-pha-sip-30w","og_site_name":"\u0110\u00e8n LED HT Lighitng","article_modified_time":"2019-05-08T16:34:30+00:00","og_image":[{"width":600,"height":600,"url":"https:\/\/htled.vn\/wp-content\/uploads\/2019\/05\/den-led-pha-sip.jpg","type":"image\/jpeg"}],"twitter_card":"summary_large_image","twitter_misc":{"\u01af\u1edbc t\u00ednh th\u1eddi gian \u0111\u1ecdc":"5 ph\u00fat"},"schema":{"@context":"https:\/\/schema.org","@graph":[{"@type":"WebPage","@id":"https:\/\/htled.vn\/?product=den-led-pha-sip-30w","url":"https:\/\/htled.vn\/?product=den-led-pha-sip-30w","name":"\u0110\u00e8n led pha SIP 30w - \u0110\u00e8n LED HT Lighitng","isPartOf":{"@id":"https:\/\/htled.vn\/#website"},"primaryImageOfPage":{"@id":"https:\/\/htled.vn\/?product=den-led-pha-sip-30w#primaryimage"},"image":{"@id":"https:\/\/htled.vn\/?product=den-led-pha-sip-30w#primaryimage"},"thumbnailUrl":"https:\/\/htled.vn\/wp-content\/uploads\/2019\/05\/den-led-pha-sip.jpg","datePublished":"2019-05-08T16:11:32+00:00","dateModified":"2019-05-08T16:34:30+00:00","description":"\u0110\u00e8n led pha SIP l\u00e0 m\u1ed9t s\u1ea3n ph\u1ea9m m\u1edbi kh\u1eb3ng \u0111\u1ecbnh b\u01b0\u1edbc ti\u1ebfn v\u1ec1 c\u00f4ng ngh\u1ec7 s\u1ea3n xu\u1ea5t \u0111\u00e8n led pha c\u1ee7a\u00a0TLC Lighting. \u0110\u00e8n kh\u1eafc ph\u1ee5c \u0111\u01b0\u1ee3c nh\u1eefng h\u1ea1n ch\u1ebf c\u1ee7a nh\u1eefng d\u00f2ng \u0111\u00e8n pha tr\u00ean th\u1ecb tr\u01b0\u1eddng b\u1eb1ng nh\u1eefng \u01b0u \u0111i\u1ec3m v\u01b0\u1ee3t tr\u1ed9i.","breadcrumb":{"@id":"https:\/\/htled.vn\/?product=den-led-pha-sip-30w#breadcrumb"},"inLanguage":"vi","potentialAction":[{"@type":"ReadAction","target":["https:\/\/htled.vn\/?product=den-led-pha-sip-30w"]}]},{"@type":"ImageObject","inLanguage":"vi","@id":"https:\/\/htled.vn\/?product=den-led-pha-sip-30w#primaryimage","url":"https:\/\/htled.vn\/wp-content\/uploads\/2019\/05\/den-led-pha-sip.jpg","contentUrl":"https:\/\/htled.vn\/wp-content\/uploads\/2019\/05\/den-led-pha-sip.jpg","width":600,"height":600,"caption":"Den Led Pha Sip"},{"@type":"BreadcrumbList","@id":"https:\/\/htled.vn\/?product=den-led-pha-sip-30w#breadcrumb","itemListElement":[{"@type":"ListItem","position":1,"name":"Trang ch\u1ee7","item":"https:\/\/htled.vn\/"},{"@type":"ListItem","position":2,"name":"S\u1ea3n ph\u1ea9m","item":"https:\/\/htled.vn\/?page_id=682"},{"@type":"ListItem","position":3,"name":"\u0110\u00e8n led pha SIP 30w"}]},{"@type":"WebSite","@id":"https:\/\/htled.vn\/#website","url":"https:\/\/htled.vn\/","name":"\u0110\u00e8n LED HT Lighitng","description":"HT led","potentialAction":[{"@type":"SearchAction","target":{"@type":"EntryPoint","urlTemplate":"https:\/\/htled.vn\/?s={search_term_string}"},"query-input":{"@type":"PropertyValueSpecification","valueRequired":true,"valueName":"search_term_string"}}],"inLanguage":"vi"}]}},"_links":{"self":[{"href":"https:\/\/htled.vn\/index.php?rest_route=\/wp\/v2\/product\/1733","targetHints":{"allow":["GET"]}}],"collection":[{"href":"https:\/\/htled.vn\/index.php?rest_route=\/wp\/v2\/product"}],"about":[{"href":"https:\/\/htled.vn\/index.php?rest_route=\/wp\/v2\/types\/product"}],"replies":[{"embeddable":true,"href":"https:\/\/htled.vn\/index.php?rest_route=%2Fwp%2Fv2%2Fcomments&post=1733"}],"wp:featuredmedia":[{"embeddable":true,"href":"https:\/\/htled.vn\/index.php?rest_route=\/wp\/v2\/media\/1744"}],"wp:attachment":[{"href":"https:\/\/htled.vn\/index.php?rest_route=%2Fwp%2Fv2%2Fmedia&parent=1733"}],"wp:term":[{"taxonomy":"product_brand","embeddable":true,"href":"https:\/\/htled.vn\/index.php?rest_route=%2Fwp%2Fv2%2Fproduct_brand&post=1733"},{"taxonomy":"product_cat","embeddable":true,"href":"https:\/\/htled.vn\/index.php?rest_route=%2Fwp%2Fv2%2Fproduct_cat&post=1733"},{"taxonomy":"product_tag","embeddable":true,"href":"https:\/\/htled.vn\/index.php?rest_route=%2Fwp%2Fv2%2Fproduct_tag&post=1733"}],"curies":[{"name":"wp","href":"https:\/\/api.w.org\/{rel}","templated":true}]}}