{"id":1721,"date":"2019-05-08T15:52:33","date_gmt":"2019-05-08T15:52:33","guid":{"rendered":"https:\/\/denled.sonqb.com\/?post_type=product&#038;p=1721"},"modified":"2025-06-09T03:01:29","modified_gmt":"2025-06-09T03:01:29","slug":"am-tran-khoi-duc-plus-75w","status":"publish","type":"product","link":"https:\/\/htled.vn\/?product=am-tran-khoi-duc-plus-75w","title":{"rendered":"\u00c2m tr\u1ea7n kh\u1ed1i \u0111\u00fac Vi\u1ec1n Trang Tr\u00ed 9W"},"content":{"rendered":"<p>\u0110\u00e8n LED \u00e2m tr\u1ea7n kh\u1ed1i \u0111\u00fac Vi\u1ec1n trang tr\u00ed\u00a0 c\u00f3 c\u00f4ng su\u1ea5t 9W. \u0110\u00e8n \u0111\u01b0\u1ee3c nghi\u00ean c\u1ee9u v\u00e0 ra m\u1eaft v\u00e0o 06\/2025 v\u1edbi nhi\u1ec1u t\u00ednh n\u0103ng v\u00e0 l\u1ee3i \u00edch n\u1ed5i b\u1eadt.<\/p>\n<p>\u00c2m tr\u1ea7n kh\u1ed1i \u0111\u00fac\u00a0 c\u00f3 \u0111a d\u1ea1ng m\u00e0u s\u1eafc \u00e1nh s\u00e1ng nh\u01b0 tr\u1eafng,trung t\u00ednh v\u00e0 ba m\u00e0u, \u0111\u00e1p \u1ee9ng \u0111\u01b0\u1ee3c \u0111a d\u1ea1ng nhu c\u1ea7u s\u1eed d\u1ee5ng c\u1ee7a kh\u00e1ch h\u00e0ng. \u0110\u00e8n \u0111\u01b0\u1ee3c cam k\u1ebft b\u1ea3o h\u00e0nh 2 n\u0103m nh\u1edd nh\u1eefng t\u00ednh n\u0103ng v\u01b0\u1ee3t tr\u1ed9i m\u00e0 \u0111\u00e8n \u0111em l\u1ea1i<img loading=\"lazy\" decoding=\"async\" class=\"aligncenter size-full wp-image-1878\" src=\"https:\/\/htled.vn\/wp-content\/uploads\/2019\/05\/am-tran-simon-2025.png\" alt=\"\" width=\"991\" height=\"497\" srcset=\"https:\/\/htled.vn\/wp-content\/uploads\/2019\/05\/am-tran-simon-2025.png 991w, https:\/\/htled.vn\/wp-content\/uploads\/2019\/05\/am-tran-simon-2025-300x150.png 300w, https:\/\/htled.vn\/wp-content\/uploads\/2019\/05\/am-tran-simon-2025-768x385.png 768w, https:\/\/htled.vn\/wp-content\/uploads\/2019\/05\/am-tran-simon-2025-600x301.png 600w\" sizes=\"auto, (max-width: 991px) 100vw, 991px\" \/><\/p>\n<div id=\"attachment_2546\" class=\"wp-caption aligncenter\"><\/div>\n<h2>\u01afu \u0111i\u1ec3m c\u1ee7a \u0111\u00e8n \u00e2m tr\u1ea7n kh\u1ed1i \u0111\u00fac\u00a0<strong><br \/>\n<\/strong><\/h2>\n<p><img loading=\"lazy\" decoding=\"async\" class=\"aligncenter size-full wp-image-1877\" src=\"https:\/\/htled.vn\/wp-content\/uploads\/2019\/05\/Screenshot-2025-06-09-094132.png\" alt=\"\" width=\"218\" height=\"250\" \/><\/p>\n<p>D\u00f2ng \u0111\u00e8n \u00c2M TR\u1ea6N KH\u1ed0I \u0110\u00daC PLUS mang \u0111\u1ea7y \u0111\u1ee7 nh\u1eefng t\u00ednh n\u0103ng \u01b0u vi\u1ec7t c\u1ee7a d\u00f2ng kh\u1ed1i \u0111\u00fac hi\u1ec7n t\u1ea1i. Tuy nhi\u00ean, \u00e2m tr\u1ea7n kh\u1ed1i \u0111\u00fac Plus \u0111\u01b0\u1ee3c c\u1ea3i ti\u1ebfn v\u1edbi nh\u1eefng t\u00ednh n\u0103ng V\u01af\u1ee2T TR\u1ed8I h\u01a1n h\u1eb3n so v\u1edbi c\u00e1c d\u00f2ng kh\u1ed1i \u0111\u00fac th\u00f4ng th\u01b0\u1eddng.<\/p>\n<div id=\"attachment_2548\" class=\"wp-caption aligncenter\"><\/div>\n<p>+ M\u1eb7t \u0111\u00e8n \u0111\u01b0\u1ee3c thi\u1ebft k\u1ebf m\u1eb7t cong v\u1edbi ph\u1ea7n vi\u1ec1n ti\u1ebfp gi\u00e1p tr\u1ea7n<span class=\"text_exposed_show\">\u00a0ch\u1ec9 m\u1ecfng 1mm, \u00f4m bo s\u00e1t tr\u1ea7n, t\u1ea1o c\u1ea3m gi\u00e1c li\u1ec1n m\u1ea1ch th\u1ed1ng nh\u1ea5t, mang t\u00ednh th\u1ea9m m\u0129 cao cho kh\u00f4ng gian<\/span><\/p>\n<div id=\"attachment_2549\" class=\"wp-caption aligncenter\"><\/div>\n<div class=\"text_exposed_show\">\n<p><span class=\"_5mfr\"><span class=\"_6qdm\">+ <\/span><\/span>Chao \u0111\u00e8n b\u1eb1ng nh\u1ef1a Acrylic m\u00e0u tr\u1eafng gi\u00fap gi\u1ea3m \u0111\u1ed9 ch\u00f3i<\/p>\n<p><span class=\"_5mfr\"><span class=\"_6qdm\">+\u00a0<\/span><\/span>B\u1ed9 ngu\u1ed3n c\u1ee7a \u0111\u00e8n \u0111\u01b0\u1ee3c c\u1ea3i ti\u1ebfn v\u01b0\u1ee3t tr\u1ed9i v\u1edbi t\u1ee5 h\u00f3a c\u00f9ng kh\u1ea3 n\u0103ng ch\u1ed1ng ch\u1ea1m ch\u1eadp, s\u1ef1 c\u1ed1 \u0111i\u1ec7n.<\/p>\n<p><span class=\"_5mfr\"><span class=\"_6qdm\">+\u00a0<\/span><\/span>\u0110\u1ebf t\u1ea3n nhi\u1ec7t c\u1ee7a \u0111\u00e8n \u0111\u01b0\u1ee3c c\u1ea3i ti\u1ebfn v\u1ec1 \u0111\u1ed9 d\u00e0y, th\u00edch h\u1ee3p v\u1edbi m\u1ecdi lo\u1ea1i tr\u1ea7n: tr\u1ea7n b\u00ea t\u00f4ng, tr\u1ea7n nh\u1ef1a, tr\u1ea7n th\u1ea1ch cao.<\/p>\n<div id=\"attachment_2550\" class=\"wp-caption aligncenter\"><\/div>\n<p><span class=\"_5mfr\"><span class=\"_6qdm\">+\u00a0<\/span><\/span>Tai \u0111\u00e8n \u0111\u01b0\u1ee3c c\u1ea3i ti\u1ebfn d\u1ea1ng tai c\u00e0i, d\u1ec5 d\u00e0ng l\u1eafp \u0111\u1eb7t v\u00e0 s\u1eed d\u1ee5ng cho m\u1ecdi lo\u1ea1i tr\u1ea7n.<\/p>\n<h2>\u1ee8ng d\u1ee5ng c\u1ee7a \u0111\u00e8n led \u00e2m tr\u1ea7n kh\u1ed1i \u0111\u00fac<\/h2>\n<p>\u0110\u00e8n \u00e2m tr\u1ea7n kh\u1ed1i \u0111\u00fac Plus \u0111\u01b0\u1ee3c \u1ee9ng d\u1ee5ng cho c\u00e1c c\u00f4ng tr\u00ecnh cao c\u1ea5p nh\u01b0: nh\u00e0 h\u00e0ng, kh\u00e1ch s\u1ea1n, chung c\u01b0, v\u0103n ph\u00f2ng, nh\u00e0 \u1edf hi\u1ec7n \u0111\u1ea1i,\u2026 mang l\u1ea1i kh\u00f4ng gian sang tr\u1ecdng, ti\u1ec7n nghi cho m\u1ecdi c\u00f4ng tr\u00ecnh.<\/p>\n<div id=\"attachment_2547\" class=\"wp-caption aligncenter\"><\/div>\n<p>Hi v\u1ecdng r\u1eb1ng nh\u1eefng th\u00f4ng tin tr\u00ean c\u1ee7a ch\u00fang t\u00f4i s\u1ebd gi\u00fap qu\u00fd kh\u00e1ch h\u00e0ng c\u00f3 \u0111\u01b0\u1ee3c s\u1ef1 l\u1ef1a ch\u1ecdn \u0111\u00fang \u0111\u1eafn cho c\u00f4ng tr\u00ecnh c\u1ee7a m\u00ecnh. M\u1ecdi h\u1ecfi \u0111\u00e1p qu\u00fd kh\u00e1ch h\u00e0ng vui l\u00f2ng li\u00ean h\u1ec7 v\u1edbi ch\u00fang t\u00f4i qua s\u1ed1 hotline 0962 373 140<\/p>\n<\/div>\n","protected":false},"excerpt":{"rendered":"<ul>\n<li>C\u00f4ng Su\u1ea5t: 9W\/12W<\/li>\n<li>Hi\u1ec7u Su\u1ea5t Quang: &gt;95 Lm\/W<\/li>\n<li>M\u00e0u S\u1eafc \u00c1nh S\u00e1ng: Tr\u1eafng\/ Trung T\u00ednh\/ Ba M\u00e0u<\/li>\n<li>K\u00edch Th\u01b0\u1edbc: \u03a6110 X 35mm<\/li>\n<li>L\u1ed7 Kho\u00e9t : \u03a690mm<\/li>\n<li>\u0110i\u1ec7n \u00c1p : 110 \u2013 245V AC\/50Hz<\/li>\n<li>Th\u1eddi Gian B\u1ea3o H\u00e0nh 2 N\u0103m<\/li>\n<\/ul>\n","protected":false},"featured_media":1877,"comment_status":"open","ping_status":"closed","template":"","meta":[],"product_brand":[],"product_cat":[114,120],"product_tag":[145,146,147],"class_list":{"0":"post-1721","1":"product","2":"type-product","3":"status-publish","4":"has-post-thumbnail","6":"product_cat-den-led-am-tran","7":"product_cat-den-led-am-tran-khoi-duc","8":"product_tag-san-xuat-den-led-tai-sai-gon","9":"product_tag-san-xuat-den-led-tai-thanh-pho-ho-chi-minh","10":"product_tag-san-xuat-den-led-tai-viet-nam","12":"first","13":"instock","14":"shipping-taxable","15":"product-type-simple"},"yoast_head":"<!-- This site is optimized with the Yoast SEO plugin v25.1 - https:\/\/yoast.com\/wordpress\/plugins\/seo\/ -->\n<title>\u00c2m tr\u1ea7n kh\u1ed1i \u0111\u00fac Vi\u1ec1n Trang Tr\u00ed 9W - \u0110\u00e8n LED HT Lighitng<\/title>\n<meta name=\"description\" content=\"\u0110\u00e8n LED \u00e2m tr\u1ea7n kh\u1ed1i \u0111\u00fac Plus c\u1ee7a TLC Lighting c\u00f3 c\u00f4ng su\u1ea5t 7,5W. \u0110\u00e8n \u0111\u01b0\u1ee3c nghi\u00ean c\u1ee9u v\u00e0 ra m\u1eaft v\u00e0o th\u00e1ng 12\/2018 v\u1edbi nhi\u1ec1u t\u00ednh n\u0103ng v\u00e0 l\u1ee3i \u00edch n\u1ed5i b\u1eadt.\" \/>\n<meta name=\"robots\" content=\"noindex, follow, max-snippet:-1, max-image-preview:large, max-video-preview:-1\" \/>\n<meta property=\"og:locale\" content=\"vi_VN\" \/>\n<meta property=\"og:type\" content=\"article\" \/>\n<meta property=\"og:title\" content=\"\u00c2m tr\u1ea7n kh\u1ed1i \u0111\u00fac Vi\u1ec1n Trang Tr\u00ed 9W - \u0110\u00e8n LED HT Lighitng\" \/>\n<meta property=\"og:description\" content=\"\u0110\u00e8n LED \u00e2m tr\u1ea7n kh\u1ed1i \u0111\u00fac Plus c\u1ee7a TLC Lighting c\u00f3 c\u00f4ng su\u1ea5t 7,5W. \u0110\u00e8n \u0111\u01b0\u1ee3c nghi\u00ean c\u1ee9u v\u00e0 ra m\u1eaft v\u00e0o th\u00e1ng 12\/2018 v\u1edbi nhi\u1ec1u t\u00ednh n\u0103ng v\u00e0 l\u1ee3i \u00edch n\u1ed5i b\u1eadt.\" \/>\n<meta property=\"og:url\" content=\"https:\/\/htled.vn\/?product=am-tran-khoi-duc-plus-75w\" \/>\n<meta property=\"og:site_name\" content=\"\u0110\u00e8n LED HT Lighitng\" \/>\n<meta property=\"article:modified_time\" content=\"2025-06-09T03:01:29+00:00\" \/>\n<meta property=\"og:image\" content=\"https:\/\/htled.vn\/wp-content\/uploads\/2019\/05\/Screenshot-2025-06-09-094132.png\" \/>\n\t<meta property=\"og:image:width\" content=\"218\" \/>\n\t<meta property=\"og:image:height\" content=\"250\" \/>\n\t<meta property=\"og:image:type\" content=\"image\/png\" \/>\n<meta name=\"twitter:card\" content=\"summary_large_image\" \/>\n<meta name=\"twitter:label1\" content=\"\u01af\u1edbc t\u00ednh th\u1eddi gian \u0111\u1ecdc\" \/>\n\t<meta name=\"twitter:data1\" content=\"3 ph\u00fat\" \/>\n<script type=\"application\/ld+json\" class=\"yoast-schema-graph\">{\"@context\":\"https:\/\/schema.org\",\"@graph\":[{\"@type\":\"WebPage\",\"@id\":\"https:\/\/htled.vn\/?product=am-tran-khoi-duc-plus-75w\",\"url\":\"https:\/\/htled.vn\/?product=am-tran-khoi-duc-plus-75w\",\"name\":\"\u00c2m tr\u1ea7n kh\u1ed1i \u0111\u00fac Vi\u1ec1n Trang Tr\u00ed 9W - \u0110\u00e8n LED HT Lighitng\",\"isPartOf\":{\"@id\":\"https:\/\/htled.vn\/#website\"},\"primaryImageOfPage\":{\"@id\":\"https:\/\/htled.vn\/?product=am-tran-khoi-duc-plus-75w#primaryimage\"},\"image\":{\"@id\":\"https:\/\/htled.vn\/?product=am-tran-khoi-duc-plus-75w#primaryimage\"},\"thumbnailUrl\":\"https:\/\/htled.vn\/wp-content\/uploads\/2019\/05\/Screenshot-2025-06-09-094132.png\",\"datePublished\":\"2019-05-08T15:52:33+00:00\",\"dateModified\":\"2025-06-09T03:01:29+00:00\",\"description\":\"\u0110\u00e8n LED \u00e2m tr\u1ea7n kh\u1ed1i \u0111\u00fac Plus c\u1ee7a TLC Lighting c\u00f3 c\u00f4ng su\u1ea5t 7,5W. \u0110\u00e8n \u0111\u01b0\u1ee3c nghi\u00ean c\u1ee9u v\u00e0 ra m\u1eaft v\u00e0o th\u00e1ng 12\/2018 v\u1edbi nhi\u1ec1u t\u00ednh n\u0103ng v\u00e0 l\u1ee3i \u00edch n\u1ed5i b\u1eadt.\",\"breadcrumb\":{\"@id\":\"https:\/\/htled.vn\/?product=am-tran-khoi-duc-plus-75w#breadcrumb\"},\"inLanguage\":\"vi\",\"potentialAction\":[{\"@type\":\"ReadAction\",\"target\":[\"https:\/\/htled.vn\/?product=am-tran-khoi-duc-plus-75w\"]}]},{\"@type\":\"ImageObject\",\"inLanguage\":\"vi\",\"@id\":\"https:\/\/htled.vn\/?product=am-tran-khoi-duc-plus-75w#primaryimage\",\"url\":\"https:\/\/htled.vn\/wp-content\/uploads\/2019\/05\/Screenshot-2025-06-09-094132.png\",\"contentUrl\":\"https:\/\/htled.vn\/wp-content\/uploads\/2019\/05\/Screenshot-2025-06-09-094132.png\",\"width\":218,\"height\":250},{\"@type\":\"BreadcrumbList\",\"@id\":\"https:\/\/htled.vn\/?product=am-tran-khoi-duc-plus-75w#breadcrumb\",\"itemListElement\":[{\"@type\":\"ListItem\",\"position\":1,\"name\":\"Trang ch\u1ee7\",\"item\":\"https:\/\/htled.vn\/\"},{\"@type\":\"ListItem\",\"position\":2,\"name\":\"S\u1ea3n ph\u1ea9m\",\"item\":\"https:\/\/htled.vn\/?page_id=682\"},{\"@type\":\"ListItem\",\"position\":3,\"name\":\"\u00c2m tr\u1ea7n kh\u1ed1i \u0111\u00fac Vi\u1ec1n Trang Tr\u00ed 9W\"}]},{\"@type\":\"WebSite\",\"@id\":\"https:\/\/htled.vn\/#website\",\"url\":\"https:\/\/htled.vn\/\",\"name\":\"\u0110\u00e8n LED HT Lighitng\",\"description\":\"HT led\",\"potentialAction\":[{\"@type\":\"SearchAction\",\"target\":{\"@type\":\"EntryPoint\",\"urlTemplate\":\"https:\/\/htled.vn\/?s={search_term_string}\"},\"query-input\":{\"@type\":\"PropertyValueSpecification\",\"valueRequired\":true,\"valueName\":\"search_term_string\"}}],\"inLanguage\":\"vi\"}]}<\/script>\n<!-- \/ Yoast SEO plugin. -->","yoast_head_json":{"title":"\u00c2m tr\u1ea7n kh\u1ed1i \u0111\u00fac Vi\u1ec1n Trang Tr\u00ed 9W - \u0110\u00e8n LED HT Lighitng","description":"\u0110\u00e8n LED \u00e2m tr\u1ea7n kh\u1ed1i \u0111\u00fac Plus c\u1ee7a TLC Lighting c\u00f3 c\u00f4ng su\u1ea5t 7,5W. \u0110\u00e8n \u0111\u01b0\u1ee3c nghi\u00ean c\u1ee9u v\u00e0 ra m\u1eaft v\u00e0o th\u00e1ng 12\/2018 v\u1edbi nhi\u1ec1u t\u00ednh n\u0103ng v\u00e0 l\u1ee3i \u00edch n\u1ed5i b\u1eadt.","robots":{"index":"noindex","follow":"follow","max-snippet":"max-snippet:-1","max-image-preview":"max-image-preview:large","max-video-preview":"max-video-preview:-1"},"og_locale":"vi_VN","og_type":"article","og_title":"\u00c2m tr\u1ea7n kh\u1ed1i \u0111\u00fac Vi\u1ec1n Trang Tr\u00ed 9W - \u0110\u00e8n LED HT Lighitng","og_description":"\u0110\u00e8n LED \u00e2m tr\u1ea7n kh\u1ed1i \u0111\u00fac Plus c\u1ee7a TLC Lighting c\u00f3 c\u00f4ng su\u1ea5t 7,5W. \u0110\u00e8n \u0111\u01b0\u1ee3c nghi\u00ean c\u1ee9u v\u00e0 ra m\u1eaft v\u00e0o th\u00e1ng 12\/2018 v\u1edbi nhi\u1ec1u t\u00ednh n\u0103ng v\u00e0 l\u1ee3i \u00edch n\u1ed5i b\u1eadt.","og_url":"https:\/\/htled.vn\/?product=am-tran-khoi-duc-plus-75w","og_site_name":"\u0110\u00e8n LED HT Lighitng","article_modified_time":"2025-06-09T03:01:29+00:00","og_image":[{"width":218,"height":250,"url":"https:\/\/htled.vn\/wp-content\/uploads\/2019\/05\/Screenshot-2025-06-09-094132.png","type":"image\/png"}],"twitter_card":"summary_large_image","twitter_misc":{"\u01af\u1edbc t\u00ednh th\u1eddi gian \u0111\u1ecdc":"3 ph\u00fat"},"schema":{"@context":"https:\/\/schema.org","@graph":[{"@type":"WebPage","@id":"https:\/\/htled.vn\/?product=am-tran-khoi-duc-plus-75w","url":"https:\/\/htled.vn\/?product=am-tran-khoi-duc-plus-75w","name":"\u00c2m tr\u1ea7n kh\u1ed1i \u0111\u00fac Vi\u1ec1n Trang Tr\u00ed 9W - \u0110\u00e8n LED HT Lighitng","isPartOf":{"@id":"https:\/\/htled.vn\/#website"},"primaryImageOfPage":{"@id":"https:\/\/htled.vn\/?product=am-tran-khoi-duc-plus-75w#primaryimage"},"image":{"@id":"https:\/\/htled.vn\/?product=am-tran-khoi-duc-plus-75w#primaryimage"},"thumbnailUrl":"https:\/\/htled.vn\/wp-content\/uploads\/2019\/05\/Screenshot-2025-06-09-094132.png","datePublished":"2019-05-08T15:52:33+00:00","dateModified":"2025-06-09T03:01:29+00:00","description":"\u0110\u00e8n LED \u00e2m tr\u1ea7n kh\u1ed1i \u0111\u00fac Plus c\u1ee7a TLC Lighting c\u00f3 c\u00f4ng su\u1ea5t 7,5W. \u0110\u00e8n \u0111\u01b0\u1ee3c nghi\u00ean c\u1ee9u v\u00e0 ra m\u1eaft v\u00e0o th\u00e1ng 12\/2018 v\u1edbi nhi\u1ec1u t\u00ednh n\u0103ng v\u00e0 l\u1ee3i \u00edch n\u1ed5i b\u1eadt.","breadcrumb":{"@id":"https:\/\/htled.vn\/?product=am-tran-khoi-duc-plus-75w#breadcrumb"},"inLanguage":"vi","potentialAction":[{"@type":"ReadAction","target":["https:\/\/htled.vn\/?product=am-tran-khoi-duc-plus-75w"]}]},{"@type":"ImageObject","inLanguage":"vi","@id":"https:\/\/htled.vn\/?product=am-tran-khoi-duc-plus-75w#primaryimage","url":"https:\/\/htled.vn\/wp-content\/uploads\/2019\/05\/Screenshot-2025-06-09-094132.png","contentUrl":"https:\/\/htled.vn\/wp-content\/uploads\/2019\/05\/Screenshot-2025-06-09-094132.png","width":218,"height":250},{"@type":"BreadcrumbList","@id":"https:\/\/htled.vn\/?product=am-tran-khoi-duc-plus-75w#breadcrumb","itemListElement":[{"@type":"ListItem","position":1,"name":"Trang ch\u1ee7","item":"https:\/\/htled.vn\/"},{"@type":"ListItem","position":2,"name":"S\u1ea3n ph\u1ea9m","item":"https:\/\/htled.vn\/?page_id=682"},{"@type":"ListItem","position":3,"name":"\u00c2m tr\u1ea7n kh\u1ed1i \u0111\u00fac Vi\u1ec1n Trang Tr\u00ed 9W"}]},{"@type":"WebSite","@id":"https:\/\/htled.vn\/#website","url":"https:\/\/htled.vn\/","name":"\u0110\u00e8n LED HT Lighitng","description":"HT led","potentialAction":[{"@type":"SearchAction","target":{"@type":"EntryPoint","urlTemplate":"https:\/\/htled.vn\/?s={search_term_string}"},"query-input":{"@type":"PropertyValueSpecification","valueRequired":true,"valueName":"search_term_string"}}],"inLanguage":"vi"}]}},"_links":{"self":[{"href":"https:\/\/htled.vn\/index.php?rest_route=\/wp\/v2\/product\/1721","targetHints":{"allow":["GET"]}}],"collection":[{"href":"https:\/\/htled.vn\/index.php?rest_route=\/wp\/v2\/product"}],"about":[{"href":"https:\/\/htled.vn\/index.php?rest_route=\/wp\/v2\/types\/product"}],"replies":[{"embeddable":true,"href":"https:\/\/htled.vn\/index.php?rest_route=%2Fwp%2Fv2%2Fcomments&post=1721"}],"wp:featuredmedia":[{"embeddable":true,"href":"https:\/\/htled.vn\/index.php?rest_route=\/wp\/v2\/media\/1877"}],"wp:attachment":[{"href":"https:\/\/htled.vn\/index.php?rest_route=%2Fwp%2Fv2%2Fmedia&parent=1721"}],"wp:term":[{"taxonomy":"product_brand","embeddable":true,"href":"https:\/\/htled.vn\/index.php?rest_route=%2Fwp%2Fv2%2Fproduct_brand&post=1721"},{"taxonomy":"product_cat","embeddable":true,"href":"https:\/\/htled.vn\/index.php?rest_route=%2Fwp%2Fv2%2Fproduct_cat&post=1721"},{"taxonomy":"product_tag","embeddable":true,"href":"https:\/\/htled.vn\/index.php?rest_route=%2Fwp%2Fv2%2Fproduct_tag&post=1721"}],"curies":[{"name":"wp","href":"https:\/\/api.w.org\/{rel}","templated":true}]}}