{"id":1713,"date":"2019-05-08T15:27:42","date_gmt":"2019-05-08T15:27:42","guid":{"rendered":"https:\/\/denled.sonqb.com\/?post_type=product&#038;p=1713"},"modified":"2023-05-28T18:53:54","modified_gmt":"2023-05-28T18:53:54","slug":"den-led-bup-bos-10w","status":"publish","type":"product","link":"https:\/\/htled.vn\/?product=den-led-bup-bos-10w","title":{"rendered":"\u0110\u00e8n LED B\u00fap BOS 10W"},"content":{"rendered":"<p>\u0110\u00e8n led b\u00fap\u00a0BOS\u00a010w \u0111\u01b0\u1ee3c thi\u1ebft k\u1ebf ho\u00e0n to\u00e0n m\u1edbi \u0111\u1ea7y th\u1ea9m m\u1ef9 v\u1edbi d\u1ea1ng h\u00ecnh tr\u00f2n v\u00e0 ph\u1ea7n t\u1ea3n nhi\u1ec7t g\u1ecdn. \u0110\u00e8n c\u00f3 \u0111a d\u1ea1ng c\u00e1c c\u00f4ng su\u1ea5t nh\u01b0: 3w, 6w, 8w, 10w, 13w v\u1edbi \u0111a d\u1ea1ng c\u00e1c k\u00edch th\u01b0\u1edbc. \u0110\u00e8n c\u00f3 nh\u1eefng l\u1ee3i \u00edch v\u01b0\u1ee3t tr\u1ed9i, thay th\u1ebf ho\u00e0n to\u00e0n c\u00e1c d\u00f2ng \u0111\u00e8n compact, \u0111\u00e8n hu\u1ef3nh quang v\u00e0 \u0111\u00e8n s\u1ee3i \u0111\u1ed1t th\u00f4ng th\u01b0\u1eddng tr\u00ean th\u1ecb tr\u01b0\u1eddng. \u0110\u1ed1i v\u1edbi \u0111\u00e8n LED b\u00fap BOS 10w cho \u00e1nh s\u00e1ng c\u00f3 ch\u1ea5t l\u01b0\u1ee3ng t\u01b0\u01a1ng \u0111\u01b0\u01a1ng \u0111\u00e8n s\u1ee3i \u0111\u1ed1t 100 w v\u00e0 t\u01b0\u01a1ng \u0111\u01b0\u01a1ng \u0111\u00e8n compact 20w. H\u01a1n n\u1eefa, khi chi\u1ebfu s\u00e1ng, \u0111\u00e8n kh\u00f4ng ph\u00e1t ra c\u00e1c tia c\u00f3 h\u1ea1i nh\u01b0 tia t\u1eed ngo\u1ea1i, tia h\u1ed3ng ngo\u1ea1i v\u00e0 kh\u00f4ng ch\u1ee9a c\u00e1c ch\u1ea5t \u0111\u1ed9c h\u1ea1i nh\u01b0 ch\u00ec, th\u1ee7y ng\u00e2n, b\u1ed9t hu\u1ef3nh quang, an to\u00e0n cho ng\u01b0\u1eddi s\u1eed d\u1ee5ng.<\/p>\n<div id=\"attachment_2989\" class=\"wp-caption aligncenter\">\n<figure style=\"width: 600px\" class=\"wp-caption aligncenter\"><img loading=\"lazy\" decoding=\"async\" src=\"http:\/\/denled3.maugiaodien.com\/wp-content\/uploads\/2019\/05\/den-led-bup-bos-10w-1713-1.jpg\" alt=\"den-led-bup-bos-tlc-osram\" width=\"600\" height=\"339\" \/><figcaption class=\"wp-caption-text\">\u0110\u00e8n LED B\u00fap BOS s\u1eed d\u1ee5ng chip LED Osram<\/figcaption><\/figure>\n<p>B\u1ea1n c\u00f3 th\u1ec3 d\u00f9ng trong vi\u1ec7c th\u1eafp s\u00e1ng trong gia \u0111\u00ecnh ho\u1eb7c n\u01a1i l\u00e0m vi\u1ec7c. H\u00e3y c\u00f9ng\u00a0TLC Lighting\u00a0t\u00ecm hi\u1ec3u th\u00eam v\u1ec1 d\u00f2ng s\u1ea3n ph\u1ea9m n\u00e0y nh\u00e9!<\/p>\n<h2>M\u1ed9t s\u1ed1 \u01b0u \u0111i\u1ec3m c\u1ee7a \u0111\u00e8n LED B\u00fap BOS<\/h2>\n<ul>\n<li>\u0110\u00e8n LED B\u00fap BOS s\u1eed d\u1ee5ng chip LED Osram \u2013 m\u1ed9t trong nh\u1eefng d\u00f2ng chip LED cao c\u1ea5p h\u00e0ng \u0111\u1ea7u th\u1ebf gi\u1edbi\n<div id=\"attachment_2923\" class=\"wp-caption alignnone\">\n<figure style=\"width: 600px\" class=\"wp-caption aligncenter\"><img loading=\"lazy\" decoding=\"async\" src=\"http:\/\/denled3.maugiaodien.com\/wp-content\/uploads\/2019\/05\/den-led-bup-bos-10w-1713-2.jpg\" alt=\"den-led-tlc-osram\" width=\"600\" height=\"384\" \/><figcaption class=\"wp-caption-text\">Chip LED Osram n\u1eb1m trong Top 5 chip LED cao c\u1ea5p nh\u1ea5t th\u1ebf gi\u1edbi<\/figcaption><\/figure>\n<\/div>\n<\/li>\n<li>B\u1ed9 ph\u1eadn ngu\u1ed3n (Driver) \u1ed5n \u0111\u1ecbnh, c\u00f3 tu\u1ed5i th\u1ecd cao, duy tr\u00ec tu\u1ed5i th\u1ecd b\u00f3ng \u0111\u00e8n l\u00ean t\u1edbi 40.000 gi\u1edd<\/li>\n<li>B\u00f3ng \u0111\u00e8n k\u00edn, c\u00f3 kh\u1ea3 n\u0103ng ch\u1ecbu n\u01b0\u1edbc hi\u1ec7u qu\u1ea3, ch\u1ed1ng c\u00f4n tr\u00f9ng x\u00e2m nh\u1eadp<\/li>\n<li>\u0110ui \u0111\u00e8n m\u1ea1 Crom ch\u1ed1ng g\u1ec9 hi\u1ec7u qu\u1ea3. \u0110ui E27 truy\u1ec1n th\u1ed1ng, d\u1ec5 d\u00e0ng thay th\u1ebf cho \u0111\u00e8n s\u1ee3i \u0111\u1ed1t v\u00e0 compact<\/li>\n<li>B\u00f3ng thi\u1ebft k\u1ebf thon g\u1ecdn, \u0111\u1eb9p m\u1eaft, b\u1ec1n b\u1ec9<\/li>\n<li>\u0110\u00e8n c\u00f3 hi\u1ec7u su\u1ea5t ph\u00e1t quang 110 -120 Lm\/w, quang th\u00f4ng v\u01b0\u1ee3t tr\u1ed9i, gi\u1ea3m thi\u1ec3u hao ph\u00ed \u0111i\u1ec7n n\u0103ng, ti\u1ebft ki\u1ec7m \u0111i\u1ec7n hi\u1ec7u qu\u1ea3<\/li>\n<li>Tu\u1ed5i th\u1ecd \u0111\u00e8n l\u00ean t\u1edbi 40.000 gi\u1edd, ti\u1ebft ki\u1ec7m chi ph\u00ed thay th\u1ebf, \u0111\u1ed5i m\u1edbi<\/li>\n<li>Gi\u1ea3m nguy c\u01a1 ch\u00e1y n\u1ed5, n\u00e2ng cao hi\u1ec7u su\u1ea5t l\u00e0m vi\u1ec7c\n<div id=\"attachment_2925\" class=\"wp-caption aligncenter\">\n<figure style=\"width: 600px\" class=\"wp-caption aligncenter\"><img loading=\"lazy\" decoding=\"async\" src=\"http:\/\/denled3.maugiaodien.com\/wp-content\/uploads\/2019\/05\/den-led-bup-bos-10w-1713-3.jpg\" alt=\"den-led-bup-tlc-osram\" width=\"600\" height=\"338\" \/><figcaption class=\"wp-caption-text\">L\u1ee3i \u00edch v\u01b0\u1ee3t tr\u1ed9i c\u1ee7a \u0111\u00e8n LED B\u00fap TLC Osram<\/figcaption><\/figure>\n<\/div>\n<\/li>\n<\/ul>\n<h2>V\u00ec sao b\u1ea1n n\u00ean ch\u1ecdn s\u1ea3n ph\u1ea9m \u0111\u00e8n\u00a0\u0110\u00e8n LED b\u00fap\u00a0BOS c\u1ee7a TLC Lighting<\/h2>\n<p><em>Th\u1ee9 nh\u1ea5t<\/em>: Khi b\u1ea1n mua b\u1ea5t k\u1ef3 s\u1ea3n ph\u1ea9m\u00a0\u0111\u00e8n LED chi\u1ebfu s\u00e1ng\u00a0n\u00e0o c\u1ee7a TLC Lighting th\u00ec b\u1ea1n \u0111\u00e3 ti\u1ebft ki\u1ec7m \u0111\u01b0\u1ee3c \u00edt nh\u1ea5t 30 \u2013 45% chi ph\u00ed mua s\u1ea3n ph\u1ea9m. TLC Lighting lu\u00f4n cung c\u1ea5p cho kh\u00e1ch h\u00e0ng nh\u1eefng s\u1ea3n ph\u1ea9m \u0111\u00e8n led ch\u1ea5t l\u01b0\u1ee3ng chi\u1ebfu s\u00e1ng c\u0169ng nh\u01b0 chi ph\u00ed h\u1ee3p l\u00fd. M\u1ee9c gi\u00e1 b\u00e1n l\u1ebb r\u1ea5t c\u1ea1nh tranh so v\u1edbi c\u00e1c s\u1ea3n ph\u1ea9m c\u00f9ng lo\u1ea1i tr\u00ean th\u1ecb tr\u01b0\u1eddng\u00a0\u0111\u00e8n LED. Nh\u1edd \u0111\u00f3,\u00a0TLC Lighting tr\u1edf th\u00e0nh m\u1ed9t trong nh\u1eefng th\u01b0\u01a1ng hi\u1ec7u \u0111i \u0111\u1ea7u trong vi\u1ec7c cung c\u1ea5p thi\u1ebft b\u1ecb chi\u1ebfu s\u00e1ng t\u1ed1t nh\u1ea5t hi\u1ec7n nay t\u1ea1i th\u1ecb tr\u01b0\u1eddng Vi\u1ec7t Nam.<\/p>\n<div id=\"attachment_2935\" class=\"wp-caption aligncenter\">\n<figure style=\"width: 600px\" class=\"wp-caption aligncenter\"><img loading=\"lazy\" decoding=\"async\" src=\"http:\/\/denled3.maugiaodien.com\/wp-content\/uploads\/2019\/05\/den-led-bup-bos-10w-1713-4.jpg\" alt=\"ung-dung-chip-led-osram\" width=\"600\" height=\"338\" \/><figcaption class=\"wp-caption-text\">\u1ee8ng d\u1ee5ng chip LED Osram<\/figcaption><\/figure>\n<p><em>Th\u1ee9 hai:<\/em>\u00a0Khi s\u1eed d\u1ee5ng c\u00e1c s\u1ea3n ph\u1ea9m c\u1ee7a TLC Lighting, ch\u00fang t\u00f4i kh\u00f4ng ch\u1ec9 mang \u0111\u1ebfn cho kh\u00e1ch h\u00e0ng nh\u1eefng s\u1ea3n ph\u1ea9m ch\u1ea5t l\u01b0\u1ee3ng m\u00e0 c\u00f2n trao t\u1eb7ng c\u1ea3 ni\u1ec1m tin, th\u1ec3 hi\u1ec7n \u1edf ch\u1ebf \u0111\u1ed9 b\u1ea3o h\u00e0nh l\u00ean \u0111\u1ebfn 30 th\u00e1ng.<\/p>\n<p><em>Th\u1ee9 ba<\/em>: TLC Lighting lu\u00f4n th\u1ea5u hi\u1ec3u nh\u1eefng b\u0103n kho\u0103n c\u1ee7a kh\u00e1ch h\u00e0ng tr\u01b0\u1edbc khi ch\u1ecdn mua s\u1ea3n ph\u1ea9m\u00a0b\u00f3ng \u0111\u00e8n LED\u00a0n\u00e0o cho c\u00f4ng tr\u00ecnh c\u1ee7a m\u00ecnh. Do \u0111\u00f3, TLC Lighting h\u1ed7 tr\u1ee3 kh\u00e1ch h\u00e0ng nhanh ch\u00f3ng qua hotline mi\u1ec5n ph\u00ed 1800 6192, t\u01b0 v\u1ea5n h\u1ed7 tr\u1ee3 kh\u00e1ch h\u00e0ng l\u1ef1a ch\u1ecdn s\u1ea3n ph\u1ea9m c\u0169ng nh\u01b0 khi\u1ebfu n\u1ea1i, b\u1ea3o h\u00e0nh.<\/p>\n<p><em>Th\u1ee9 t\u01b0<\/em>: \u0110\u1ec3 h\u1ed7 tr\u1ee3 kh\u00e1ch h\u00e0ng mua \u0111\u01b0\u1ee3c\u00a0\u0111\u00e8n led si\u00eau s\u00e1ng\u00a0TLC Lighting ch\u00ednh h\u00e3ng, ch\u00fang t\u00f4i \u0111\u00e3 x\u00e2y d\u1ef1ng h\u1ec7 th\u1ed1ng ph\u00e2n ph\u1ed1i tr\u00ean to\u00e0n qu\u1ed1c. \u1ede b\u1ea5t k\u1ef3 khu v\u1ef1c n\u00e0o, qu\u00fd kh\u00e1ch c\u0169ng c\u00f3 th\u1ec3 d\u1ec5 d\u00e0ng mua \u0111\u01b0\u1ee3c s\u1ea3n ph\u1ea9m c\u00f9ng v\u1edbi ch\u00ednh s\u00e1ch b\u1ea3o h\u00e0nh \u0111\u1ed3ng b\u1ed9.<\/p>\n<\/div>\n<\/div>\n","protected":false},"excerpt":{"rendered":"<ul>\n<li>C\u00f4ng Su\u1ea5t: 10W<\/li>\n<li>K\u00edch Th\u01b0\u1edbc:\u03a6 56 x 110<\/li>\n<li>Quang Th\u00f4ng: 1150 Lm<\/li>\n<li>Hi\u1ec7u su\u1ea5t quang: 110 -120 Lm\/W<\/li>\n<li>M\u00e0u S\u1eafc: Tr\u1eafng, V\u00e0ng<\/li>\n<li>\u0110i\u1ec7n \u00c1p: AC 120-265<\/li>\n<li>D\u00f2ng \u0110i\u1ec7n: Imax = 0.166A<\/li>\n<li>Ch\u1ec9 S\u1ed1 Ho\u00e0n M\u00e0u: Ra &gt; 85<\/li>\n<li>Nhi\u1ec7t \u0110\u1ed9 L\u00e0m Vi\u1ec7c: (-10 : 40) \u0110\u1ed9 C.<\/li>\n<\/ul>\n","protected":false},"featured_media":1823,"comment_status":"open","ping_status":"closed","template":"","meta":[],"product_brand":[],"product_cat":[125],"product_tag":[145,146,147],"class_list":{"0":"post-1713","1":"product","2":"type-product","3":"status-publish","4":"has-post-thumbnail","6":"product_cat-den-led-bup","7":"product_tag-san-xuat-den-led-tai-sai-gon","8":"product_tag-san-xuat-den-led-tai-thanh-pho-ho-chi-minh","9":"product_tag-san-xuat-den-led-tai-viet-nam","11":"first","12":"instock","13":"shipping-taxable","14":"product-type-simple"},"yoast_head":"<!-- This site is optimized with the Yoast SEO plugin v25.1 - https:\/\/yoast.com\/wordpress\/plugins\/seo\/ -->\n<title>\u0110\u00e8n LED B\u00fap BOS 10W - \u0110\u00e8n LED HT Lighitng<\/title>\n<meta name=\"description\" content=\"\u0110\u00e8n led b\u00fap\u00a0BOS\u00a010w \u0111\u01b0\u1ee3c thi\u1ebft k\u1ebf ho\u00e0n to\u00e0n m\u1edbi \u0111\u1ea7y th\u1ea9m m\u1ef9 v\u1edbi d\u1ea1ng h\u00ecnh tr\u00f2n v\u00e0 ph\u1ea7n t\u1ea3n nhi\u1ec7t g\u1ecdn. \u0110\u00e8n c\u00f3 \u0111a d\u1ea1ng c\u00e1c c\u00f4ng su\u1ea5t nh\u01b0: 3w, 6w, 8w, 10w, 13w v\u1edbi \u0111a d\u1ea1ng c\u00e1c k\u00edch th\u01b0\u1edbc.\" \/>\n<meta name=\"robots\" content=\"noindex, follow, max-snippet:-1, max-image-preview:large, max-video-preview:-1\" \/>\n<meta property=\"og:locale\" content=\"vi_VN\" \/>\n<meta property=\"og:type\" content=\"article\" \/>\n<meta property=\"og:title\" content=\"\u0110\u00e8n LED B\u00fap BOS 10W - \u0110\u00e8n LED HT Lighitng\" \/>\n<meta property=\"og:description\" content=\"\u0110\u00e8n led b\u00fap\u00a0BOS\u00a010w \u0111\u01b0\u1ee3c thi\u1ebft k\u1ebf ho\u00e0n to\u00e0n m\u1edbi \u0111\u1ea7y th\u1ea9m m\u1ef9 v\u1edbi d\u1ea1ng h\u00ecnh tr\u00f2n v\u00e0 ph\u1ea7n t\u1ea3n nhi\u1ec7t g\u1ecdn. \u0110\u00e8n c\u00f3 \u0111a d\u1ea1ng c\u00e1c c\u00f4ng su\u1ea5t nh\u01b0: 3w, 6w, 8w, 10w, 13w v\u1edbi \u0111a d\u1ea1ng c\u00e1c k\u00edch th\u01b0\u1edbc.\" \/>\n<meta property=\"og:url\" content=\"https:\/\/htled.vn\/?product=den-led-bup-bos-10w\" \/>\n<meta property=\"og:site_name\" content=\"\u0110\u00e8n LED HT Lighitng\" \/>\n<meta property=\"article:modified_time\" content=\"2023-05-28T18:53:54+00:00\" \/>\n<meta property=\"og:image\" content=\"https:\/\/htled.vn\/wp-content\/uploads\/2019\/05\/6-1.jpg\" \/>\n\t<meta property=\"og:image:width\" content=\"1000\" \/>\n\t<meta property=\"og:image:height\" content=\"1000\" \/>\n\t<meta property=\"og:image:type\" content=\"image\/jpeg\" \/>\n<meta name=\"twitter:card\" content=\"summary_large_image\" \/>\n<meta name=\"twitter:label1\" content=\"\u01af\u1edbc t\u00ednh th\u1eddi gian \u0111\u1ecdc\" \/>\n\t<meta name=\"twitter:data1\" content=\"5 ph\u00fat\" \/>\n<script type=\"application\/ld+json\" class=\"yoast-schema-graph\">{\"@context\":\"https:\/\/schema.org\",\"@graph\":[{\"@type\":\"WebPage\",\"@id\":\"https:\/\/htled.vn\/?product=den-led-bup-bos-10w\",\"url\":\"https:\/\/htled.vn\/?product=den-led-bup-bos-10w\",\"name\":\"\u0110\u00e8n LED B\u00fap BOS 10W - \u0110\u00e8n LED HT Lighitng\",\"isPartOf\":{\"@id\":\"https:\/\/htled.vn\/#website\"},\"primaryImageOfPage\":{\"@id\":\"https:\/\/htled.vn\/?product=den-led-bup-bos-10w#primaryimage\"},\"image\":{\"@id\":\"https:\/\/htled.vn\/?product=den-led-bup-bos-10w#primaryimage\"},\"thumbnailUrl\":\"https:\/\/htled.vn\/wp-content\/uploads\/2019\/05\/6-1.jpg\",\"datePublished\":\"2019-05-08T15:27:42+00:00\",\"dateModified\":\"2023-05-28T18:53:54+00:00\",\"description\":\"\u0110\u00e8n led b\u00fap\u00a0BOS\u00a010w \u0111\u01b0\u1ee3c thi\u1ebft k\u1ebf ho\u00e0n to\u00e0n m\u1edbi \u0111\u1ea7y th\u1ea9m m\u1ef9 v\u1edbi d\u1ea1ng h\u00ecnh tr\u00f2n v\u00e0 ph\u1ea7n t\u1ea3n nhi\u1ec7t g\u1ecdn. \u0110\u00e8n c\u00f3 \u0111a d\u1ea1ng c\u00e1c c\u00f4ng su\u1ea5t nh\u01b0: 3w, 6w, 8w, 10w, 13w v\u1edbi \u0111a d\u1ea1ng c\u00e1c k\u00edch th\u01b0\u1edbc.\",\"breadcrumb\":{\"@id\":\"https:\/\/htled.vn\/?product=den-led-bup-bos-10w#breadcrumb\"},\"inLanguage\":\"vi\",\"potentialAction\":[{\"@type\":\"ReadAction\",\"target\":[\"https:\/\/htled.vn\/?product=den-led-bup-bos-10w\"]}]},{\"@type\":\"ImageObject\",\"inLanguage\":\"vi\",\"@id\":\"https:\/\/htled.vn\/?product=den-led-bup-bos-10w#primaryimage\",\"url\":\"https:\/\/htled.vn\/wp-content\/uploads\/2019\/05\/6-1.jpg\",\"contentUrl\":\"https:\/\/htled.vn\/wp-content\/uploads\/2019\/05\/6-1.jpg\",\"width\":1000,\"height\":1000},{\"@type\":\"BreadcrumbList\",\"@id\":\"https:\/\/htled.vn\/?product=den-led-bup-bos-10w#breadcrumb\",\"itemListElement\":[{\"@type\":\"ListItem\",\"position\":1,\"name\":\"Trang ch\u1ee7\",\"item\":\"https:\/\/htled.vn\/\"},{\"@type\":\"ListItem\",\"position\":2,\"name\":\"S\u1ea3n ph\u1ea9m\",\"item\":\"https:\/\/htled.vn\/?page_id=682\"},{\"@type\":\"ListItem\",\"position\":3,\"name\":\"\u0110\u00e8n LED B\u00fap BOS 10W\"}]},{\"@type\":\"WebSite\",\"@id\":\"https:\/\/htled.vn\/#website\",\"url\":\"https:\/\/htled.vn\/\",\"name\":\"\u0110\u00e8n LED HT Lighitng\",\"description\":\"HT led\",\"potentialAction\":[{\"@type\":\"SearchAction\",\"target\":{\"@type\":\"EntryPoint\",\"urlTemplate\":\"https:\/\/htled.vn\/?s={search_term_string}\"},\"query-input\":{\"@type\":\"PropertyValueSpecification\",\"valueRequired\":true,\"valueName\":\"search_term_string\"}}],\"inLanguage\":\"vi\"}]}<\/script>\n<!-- \/ Yoast SEO plugin. -->","yoast_head_json":{"title":"\u0110\u00e8n LED B\u00fap BOS 10W - \u0110\u00e8n LED HT Lighitng","description":"\u0110\u00e8n led b\u00fap\u00a0BOS\u00a010w \u0111\u01b0\u1ee3c thi\u1ebft k\u1ebf ho\u00e0n to\u00e0n m\u1edbi \u0111\u1ea7y th\u1ea9m m\u1ef9 v\u1edbi d\u1ea1ng h\u00ecnh tr\u00f2n v\u00e0 ph\u1ea7n t\u1ea3n nhi\u1ec7t g\u1ecdn. \u0110\u00e8n c\u00f3 \u0111a d\u1ea1ng c\u00e1c c\u00f4ng su\u1ea5t nh\u01b0: 3w, 6w, 8w, 10w, 13w v\u1edbi \u0111a d\u1ea1ng c\u00e1c k\u00edch th\u01b0\u1edbc.","robots":{"index":"noindex","follow":"follow","max-snippet":"max-snippet:-1","max-image-preview":"max-image-preview:large","max-video-preview":"max-video-preview:-1"},"og_locale":"vi_VN","og_type":"article","og_title":"\u0110\u00e8n LED B\u00fap BOS 10W - \u0110\u00e8n LED HT Lighitng","og_description":"\u0110\u00e8n led b\u00fap\u00a0BOS\u00a010w \u0111\u01b0\u1ee3c thi\u1ebft k\u1ebf ho\u00e0n to\u00e0n m\u1edbi \u0111\u1ea7y th\u1ea9m m\u1ef9 v\u1edbi d\u1ea1ng h\u00ecnh tr\u00f2n v\u00e0 ph\u1ea7n t\u1ea3n nhi\u1ec7t g\u1ecdn. \u0110\u00e8n c\u00f3 \u0111a d\u1ea1ng c\u00e1c c\u00f4ng su\u1ea5t nh\u01b0: 3w, 6w, 8w, 10w, 13w v\u1edbi \u0111a d\u1ea1ng c\u00e1c k\u00edch th\u01b0\u1edbc.","og_url":"https:\/\/htled.vn\/?product=den-led-bup-bos-10w","og_site_name":"\u0110\u00e8n LED HT Lighitng","article_modified_time":"2023-05-28T18:53:54+00:00","og_image":[{"width":1000,"height":1000,"url":"https:\/\/htled.vn\/wp-content\/uploads\/2019\/05\/6-1.jpg","type":"image\/jpeg"}],"twitter_card":"summary_large_image","twitter_misc":{"\u01af\u1edbc t\u00ednh th\u1eddi gian \u0111\u1ecdc":"5 ph\u00fat"},"schema":{"@context":"https:\/\/schema.org","@graph":[{"@type":"WebPage","@id":"https:\/\/htled.vn\/?product=den-led-bup-bos-10w","url":"https:\/\/htled.vn\/?product=den-led-bup-bos-10w","name":"\u0110\u00e8n LED B\u00fap BOS 10W - \u0110\u00e8n LED HT Lighitng","isPartOf":{"@id":"https:\/\/htled.vn\/#website"},"primaryImageOfPage":{"@id":"https:\/\/htled.vn\/?product=den-led-bup-bos-10w#primaryimage"},"image":{"@id":"https:\/\/htled.vn\/?product=den-led-bup-bos-10w#primaryimage"},"thumbnailUrl":"https:\/\/htled.vn\/wp-content\/uploads\/2019\/05\/6-1.jpg","datePublished":"2019-05-08T15:27:42+00:00","dateModified":"2023-05-28T18:53:54+00:00","description":"\u0110\u00e8n led b\u00fap\u00a0BOS\u00a010w \u0111\u01b0\u1ee3c thi\u1ebft k\u1ebf ho\u00e0n to\u00e0n m\u1edbi \u0111\u1ea7y th\u1ea9m m\u1ef9 v\u1edbi d\u1ea1ng h\u00ecnh tr\u00f2n v\u00e0 ph\u1ea7n t\u1ea3n nhi\u1ec7t g\u1ecdn. \u0110\u00e8n c\u00f3 \u0111a d\u1ea1ng c\u00e1c c\u00f4ng su\u1ea5t nh\u01b0: 3w, 6w, 8w, 10w, 13w v\u1edbi \u0111a d\u1ea1ng c\u00e1c k\u00edch th\u01b0\u1edbc.","breadcrumb":{"@id":"https:\/\/htled.vn\/?product=den-led-bup-bos-10w#breadcrumb"},"inLanguage":"vi","potentialAction":[{"@type":"ReadAction","target":["https:\/\/htled.vn\/?product=den-led-bup-bos-10w"]}]},{"@type":"ImageObject","inLanguage":"vi","@id":"https:\/\/htled.vn\/?product=den-led-bup-bos-10w#primaryimage","url":"https:\/\/htled.vn\/wp-content\/uploads\/2019\/05\/6-1.jpg","contentUrl":"https:\/\/htled.vn\/wp-content\/uploads\/2019\/05\/6-1.jpg","width":1000,"height":1000},{"@type":"BreadcrumbList","@id":"https:\/\/htled.vn\/?product=den-led-bup-bos-10w#breadcrumb","itemListElement":[{"@type":"ListItem","position":1,"name":"Trang ch\u1ee7","item":"https:\/\/htled.vn\/"},{"@type":"ListItem","position":2,"name":"S\u1ea3n ph\u1ea9m","item":"https:\/\/htled.vn\/?page_id=682"},{"@type":"ListItem","position":3,"name":"\u0110\u00e8n LED B\u00fap BOS 10W"}]},{"@type":"WebSite","@id":"https:\/\/htled.vn\/#website","url":"https:\/\/htled.vn\/","name":"\u0110\u00e8n LED HT Lighitng","description":"HT led","potentialAction":[{"@type":"SearchAction","target":{"@type":"EntryPoint","urlTemplate":"https:\/\/htled.vn\/?s={search_term_string}"},"query-input":{"@type":"PropertyValueSpecification","valueRequired":true,"valueName":"search_term_string"}}],"inLanguage":"vi"}]}},"_links":{"self":[{"href":"https:\/\/htled.vn\/index.php?rest_route=\/wp\/v2\/product\/1713","targetHints":{"allow":["GET"]}}],"collection":[{"href":"https:\/\/htled.vn\/index.php?rest_route=\/wp\/v2\/product"}],"about":[{"href":"https:\/\/htled.vn\/index.php?rest_route=\/wp\/v2\/types\/product"}],"replies":[{"embeddable":true,"href":"https:\/\/htled.vn\/index.php?rest_route=%2Fwp%2Fv2%2Fcomments&post=1713"}],"wp:featuredmedia":[{"embeddable":true,"href":"https:\/\/htled.vn\/index.php?rest_route=\/wp\/v2\/media\/1823"}],"wp:attachment":[{"href":"https:\/\/htled.vn\/index.php?rest_route=%2Fwp%2Fv2%2Fmedia&parent=1713"}],"wp:term":[{"taxonomy":"product_brand","embeddable":true,"href":"https:\/\/htled.vn\/index.php?rest_route=%2Fwp%2Fv2%2Fproduct_brand&post=1713"},{"taxonomy":"product_cat","embeddable":true,"href":"https:\/\/htled.vn\/index.php?rest_route=%2Fwp%2Fv2%2Fproduct_cat&post=1713"},{"taxonomy":"product_tag","embeddable":true,"href":"https:\/\/htled.vn\/index.php?rest_route=%2Fwp%2Fv2%2Fproduct_tag&post=1713"}],"curies":[{"name":"wp","href":"https:\/\/api.w.org\/{rel}","templated":true}]}}