{"id":1667,"date":"2019-05-06T17:57:01","date_gmt":"2019-05-06T17:57:01","guid":{"rendered":"https:\/\/denled.sonqb.com\/?post_type=product&#038;p=1667"},"modified":"2019-05-08T15:35:25","modified_gmt":"2019-05-08T15:35:25","slug":"den-led-duong-pho-hinh-ca-map","status":"publish","type":"product","link":"https:\/\/htled.vn\/?product=den-led-duong-pho-hinh-ca-map","title":{"rendered":"\u0110\u00e8n LED \u0111\u01b0\u1eddng ph\u1ed1 h\u00ecnh c\u00e1 m\u1eadp"},"content":{"rendered":"<p>\u0110\u00e8n led \u0111\u01b0\u1eddng\u00a0l\u00e0 s\u1ea3n ph\u1ea9m kh\u00f4ng th\u1ec3 thi\u1ebfu trong cu\u1ed9c s\u1ed1ng c\u1ee7a ch\u00fang ta, d\u00f9ng \u0111\u1ec3 chi\u1ebfu s\u00e1ng c\u00e1c con \u0111\u01b0\u1eddng, ng\u00f5 ph\u1ed1 \u0111em l\u1ea1i s\u1ef1 an to\u00e0n cho m\u1ecdi ng\u01b0\u1eddi khi tham gia giao th\u00f4ng v\u00e0o bu\u1ed5i t\u1ed1i v\u00e0 gi\u1ea3m thi\u1ec3u tai n\u1ea1n giao th\u00f4ng. \u0110\u00e8n led \u0111\u01b0\u1eddng c\u00e1 m\u1eadp\u00a0TLC Lighting\u00a0\u0111\u01b0\u1ee3c thi\u1ebft k\u1ebf \u0111\u1eb7c bi\u1ec7t, c\u00f3 kh\u1ea3 n\u0103ng ch\u1ed1ng b\u1ee5i, ch\u1ed1ng n\u01b0\u1edbc r\u1ea5t t\u1ed1t. C\u00e1c lo\u1ea1i c\u00f4ng su\u1ea5t g\u1ed3m c\u00f3 20, 50, 100, v\u00e0 150W.<\/p>\n<h2>\u01afu \u0111i\u1ec3m n\u1ed5i b\u1eadt \u0111\u00e8n LED \u0111\u01b0\u1eddng ph\u1ed1 c\u1ee7a TLC Lighting<\/h2>\n<ul>\n<li style=\"list-style-type: none;\">\n<ul>\n<li>\u0110\u00e8n led \u0111\u01b0\u1eddng ph\u1ed1\u00a0h\u00ecnh c\u00e1 m\u1eadp 20W\u00a0cho \u00e1nh s\u00e1ng chi\u1ebfu t\u1ed1t, ti\u1ebft ki\u1ec7m l\u00ean \u0111\u1ebfn 60% \u0111i\u1ec7n n\u0103ng ti\u00eau th\u1ee5 so v\u1edbi c\u00e1c lo\u1ea1i b\u00f3ng \u0111\u00e8n th\u01b0\u1eddng.<\/li>\n<li>Tu\u1ed5i th\u1ecd cao l\u00ean \u0111\u1ebfn 30.000h, \u0111\u1ed9 b\u1ec1n cao h\u01a1n g\u1ea5p nhi\u1ec1u l\u1ea7n so v\u1edbi b\u00f3ng \u0111\u00e8n compact b\u00ecnh th\u01b0\u1eddng.<\/li>\n<li>S\u1ea3n ph\u1ea9m l\u00e0m b\u1eb1ng ch\u1ea5t li\u1ec7u h\u1ee3p kim cao c\u1ea5p ch\u1ed1ng tr\u1ea7y, kh\u00f4ng b\u1ecb v\u1ee1 b\u1ec3 khi va ch\u1ea1m, r\u01a1i r\u1edbt.<\/li>\n<li>S\u1eed d\u1ee5ng chi\u1ebfu s\u00e1ng thay th\u1ebf c\u00e1c lo\u1ea1i \u0111\u00e8n \u0111\u01b0\u1eddng truy\u1ec1n th\u1ed1ng nh\u01b0: \u0111\u00e8n th\u1ee7y ng\u00e2n cao \u00e1p, \u0111\u00e8n h\u01a1i natri, \u0111\u00e8n halogen\u2026..c\u00f4ng su\u1ea5t 80w- 100w.<\/li>\n<li>Ho\u00e0n h\u1ea3o cho chi\u1ebfu s\u00e1ng ngo\u00e0i tr\u1eddi nh\u01b0 c\u1ea3nh quan, s\u00e2n v\u01b0\u1eddn, nh\u00e0 m\u00e1y, nh\u00e0 th\u1ec3 d\u1ee5c, x\u01b0\u1edfng, kho b\u00e3i, s\u00e2n v\u1eadn \u0111\u1ed9ng.<\/li>\n<li>H\u1ec7 s\u1ed1 ho\u00e0n m\u00e0u cao (CRI &gt;= 80), \u00e1nh s\u00e1ng trung th\u1ef1c t\u1ef1 nhi\u00ean, t\u0103ng kh\u1ea3 n\u0103ng nh\u1eadn di\u1ec7n m\u00e0u s\u1eafc c\u1ee7a v\u1eadt \u0111\u01b0\u1ee3c chi\u1ebfu s\u00e1ng.<\/li>\n<\/ul>\n<\/li>\n<\/ul>\n<p><img loading=\"lazy\" decoding=\"async\" class=\"aligncenter wp-image-212\" src=\"http:\/\/denled3.maugiaodien.com\/wp-content\/uploads\/2019\/05\/den-led-duong-pho-hinh-ca-map-1667.jpg\" sizes=\"auto, (max-width: 500px) 100vw, 500px\" srcset=\"http:\/\/denled3.maugiaodien.com\/wp-content\/uploads\/2019\/05\/den-led-duong-pho-hinh-ca-map-1667.jpg 800w, https:\/\/tlclighting.com.vn\/wp-content\/uploads\/2017\/10\/tlc-lighting-ung-dung-den-led-duong-ca-map-20ww-500x304.png 500w, https:\/\/tlclighting.com.vn\/wp-content\/uploads\/2017\/10\/tlc-lighting-ung-dung-den-led-duong-ca-map-20ww-300x183.png 300w, https:\/\/tlclighting.com.vn\/wp-content\/uploads\/2017\/10\/tlc-lighting-ung-dung-den-led-duong-ca-map-20ww-768x468.png 768w\" alt=\"tlc-lighting-den-led-duong-pho\" width=\"500\" height=\"304\" \/><\/p>\n<h2>\u1ee8ng d\u1ee5ng c\u1ee7a \u0111\u00e8n led \u0111\u01b0\u1eddng ph\u1ed1 h\u00ecnh c\u00e1 m\u1eadp<\/h2>\n<p>\u0110\u00e8n led \u0111\u01b0\u1eddng c\u00e1 m\u1eadp\u00a020W \u0111\u01b0\u1ee3c s\u1eed d\u1ee5ng \u0111\u1ec3 chi\u1ebfu s\u00e1ng \u0111\u01b0\u1eddng ph\u1ed1, khu trung c\u01b0, khu \u0111\u00f4 th\u1ecb, v, v.<\/p>\n<p>V\u1edbi nh\u1eefng \u01b0u \u0111i\u1ec3m n\u1ed5i b\u1eadt c\u1ee7a\u00a0\u0111\u00e8n led \u0111\u01b0\u1eddng c\u00e1 m\u1eadp\u00a020W mang th\u01b0\u01a1ng hi\u1ec7u\u00a0<strong>TLC Lighitng<\/strong>\u00a0ch\u1eafc ch\u1eafn s\u1ebd \u0111\u00e1p \u1ee9ng \u0111\u1ea7y \u0111\u1ee7 ti\u00eau ch\u1ec9\u00a0<strong>S\u00c1NG \u2013 \u0110\u1eb8P-TI\u1ebeT KI\u1ec6M.\u00a0<\/strong><\/p>\n<p><strong>TLC Lighting<\/strong>\u00a0lu\u00f4n mang \u0111\u1ebfn cho kh\u00e1ch h\u00e0ng nh\u1eefng tr\u1ea3i nghi\u1ec7m tuy\u1ec7t v\u1edbi nh\u1ea5t khi b\u1ea1n s\u1eed d\u1ee5ng c\u00e1c s\u1ea3n ph\u1ea9m c\u1ee7a c\u00f4ng ty. Hi\u1ec7n t\u1ea1i th\u01b0\u01a1ng hi\u1ec7u\u00a0\u0111\u00e8n led TLC\u00a0Lighitng c\u00f3 m\u1eb7t t\u1ea1i h\u01a1n 5000 \u0111\u1ea1i l\u00fd v\u00e0 nh\u00e0 ph\u00e2n ph\u1ed1i tr\u00ean to\u00e0n qu\u1ed1c, r\u1ea5t thu\u1eadn l\u1ee3i \u0111\u1ec3 qu\u00fd kh\u00e1ch h\u00e0ng mua \u0111\u01b0\u1ee3c s\u1ea3n ph\u1ea9m \u0111\u00e8n led ch\u00ednh h\u00e0ng TLC Lighting.<\/p>\n<p>H\u00e3y li\u00ean h\u1ec7 v\u1edbi ch\u00fang t\u00f4i qua Hotline mi\u1ec5n ph\u00ed 1800 6192\u00a0\u0111\u1ec3 \u0111\u01b0\u1ee3c t\u01b0 v\u1ea5n h\u1ed7 tr\u1ee3 t\u1ed1t nh\u1ea5t!<\/p>\n","protected":false},"excerpt":{"rendered":"<ul>\n<li>Xu\u1ea5t X\u1ee9: Vi\u1ec7t Nam<\/li>\n<li>H\u00e3ng S\u1ea3n Xu\u1ea5t: TLC Lighting<\/li>\n<li>C\u00f4ng Su\u1ea5t: 20W, 50W, 100W, 150W.<\/li>\n<li>K\u00edch Th\u01b0\u1edbc T\u01b0\u01a1ng \u1ee8ng: 510x220x80, 550x50x80, 880x340x100, 1050x520x120<\/li>\n<li>Quang Th\u00f4ng T\u01b0\u01a1ng \u1ee8ng: 2600 Lm, 6500lm, 13000 Lm, 19500 Lm.<\/li>\n<li>M\u00e0u S\u1eafc: V\u00e0ng\/Tr\u1eafng.<\/li>\n<li>\u0110i\u1ec7n \u00c1p: AC 85-265V.<\/li>\n<li>B\u1ea3o H\u00e0nh 24 Th\u00e1ng.<\/li>\n<\/ul>\n","protected":false},"featured_media":1671,"comment_status":"open","ping_status":"closed","template":"","meta":[],"product_brand":[],"product_cat":[65],"product_tag":[141,142,143,144],"class_list":{"0":"post-1667","1":"product","2":"type-product","3":"status-publish","4":"has-post-thumbnail","6":"product_cat-den-duong","7":"product_tag-bong-den-cao-ap","8":"product_tag-den-led-duong-ca-map","9":"product_tag-den-led-duong-pho","10":"product_tag-den-led-ngoai-troi","12":"first","13":"instock","14":"shipping-taxable","15":"product-type-simple"},"yoast_head":"<!-- This site is optimized with the Yoast SEO plugin v25.1 - https:\/\/yoast.com\/wordpress\/plugins\/seo\/ -->\n<title>\u0110\u00e8n LED \u0111\u01b0\u1eddng ph\u1ed1 h\u00ecnh c\u00e1 m\u1eadp - \u0110\u00e8n LED HT Lighitng<\/title>\n<meta name=\"robots\" content=\"noindex, follow, max-snippet:-1, max-image-preview:large, max-video-preview:-1\" \/>\n<meta property=\"og:locale\" content=\"vi_VN\" \/>\n<meta property=\"og:type\" content=\"article\" \/>\n<meta property=\"og:title\" content=\"\u0110\u00e8n LED \u0111\u01b0\u1eddng ph\u1ed1 h\u00ecnh c\u00e1 m\u1eadp - \u0110\u00e8n LED HT Lighitng\" \/>\n<meta property=\"og:description\" content=\"Xu\u1ea5t X\u1ee9: Vi\u1ec7t Nam  H\u00e3ng S\u1ea3n Xu\u1ea5t: TLC Lighting  C\u00f4ng Su\u1ea5t: 20W, 50W, 100W, 150W.  K\u00edch Th\u01b0\u1edbc T\u01b0\u01a1ng \u1ee8ng: 510x220x80, 550x50x80, 880x340x100, 1050x520x120  Quang Th\u00f4ng T\u01b0\u01a1ng \u1ee8ng: 2600 Lm, 6500lm, 13000 Lm, 19500 Lm.  M\u00e0u S\u1eafc: V\u00e0ng\/Tr\u1eafng.  \u0110i\u1ec7n \u00c1p: AC 85-265V.  B\u1ea3o H\u00e0nh 24 Th\u00e1ng.\" \/>\n<meta property=\"og:url\" content=\"https:\/\/htled.vn\/?product=den-led-duong-pho-hinh-ca-map\" \/>\n<meta property=\"og:site_name\" content=\"\u0110\u00e8n LED HT Lighitng\" \/>\n<meta property=\"article:modified_time\" content=\"2019-05-08T15:35:25+00:00\" \/>\n<meta property=\"og:image\" content=\"https:\/\/htled.vn\/wp-content\/uploads\/2019\/05\/den-led-duong-pho-hinh-ca-map-1667-2.jpg\" \/>\n\t<meta property=\"og:image:width\" content=\"700\" \/>\n\t<meta property=\"og:image:height\" content=\"700\" \/>\n\t<meta property=\"og:image:type\" content=\"image\/jpeg\" \/>\n<meta name=\"twitter:card\" content=\"summary_large_image\" \/>\n<meta name=\"twitter:label1\" content=\"\u01af\u1edbc t\u00ednh th\u1eddi gian \u0111\u1ecdc\" \/>\n\t<meta name=\"twitter:data1\" content=\"3 ph\u00fat\" \/>\n<script type=\"application\/ld+json\" class=\"yoast-schema-graph\">{\"@context\":\"https:\/\/schema.org\",\"@graph\":[{\"@type\":\"WebPage\",\"@id\":\"https:\/\/htled.vn\/?product=den-led-duong-pho-hinh-ca-map\",\"url\":\"https:\/\/htled.vn\/?product=den-led-duong-pho-hinh-ca-map\",\"name\":\"\u0110\u00e8n LED \u0111\u01b0\u1eddng ph\u1ed1 h\u00ecnh c\u00e1 m\u1eadp - \u0110\u00e8n LED HT Lighitng\",\"isPartOf\":{\"@id\":\"https:\/\/htled.vn\/#website\"},\"primaryImageOfPage\":{\"@id\":\"https:\/\/htled.vn\/?product=den-led-duong-pho-hinh-ca-map#primaryimage\"},\"image\":{\"@id\":\"https:\/\/htled.vn\/?product=den-led-duong-pho-hinh-ca-map#primaryimage\"},\"thumbnailUrl\":\"https:\/\/htled.vn\/wp-content\/uploads\/2019\/05\/den-led-duong-pho-hinh-ca-map-1667-2.jpg\",\"datePublished\":\"2019-05-06T17:57:01+00:00\",\"dateModified\":\"2019-05-08T15:35:25+00:00\",\"breadcrumb\":{\"@id\":\"https:\/\/htled.vn\/?product=den-led-duong-pho-hinh-ca-map#breadcrumb\"},\"inLanguage\":\"vi\",\"potentialAction\":[{\"@type\":\"ReadAction\",\"target\":[\"https:\/\/htled.vn\/?product=den-led-duong-pho-hinh-ca-map\"]}]},{\"@type\":\"ImageObject\",\"inLanguage\":\"vi\",\"@id\":\"https:\/\/htled.vn\/?product=den-led-duong-pho-hinh-ca-map#primaryimage\",\"url\":\"https:\/\/htled.vn\/wp-content\/uploads\/2019\/05\/den-led-duong-pho-hinh-ca-map-1667-2.jpg\",\"contentUrl\":\"https:\/\/htled.vn\/wp-content\/uploads\/2019\/05\/den-led-duong-pho-hinh-ca-map-1667-2.jpg\",\"width\":700,\"height\":700,\"caption\":\"Den Led Duong Pho Hinh Ca Map 1667 2\"},{\"@type\":\"BreadcrumbList\",\"@id\":\"https:\/\/htled.vn\/?product=den-led-duong-pho-hinh-ca-map#breadcrumb\",\"itemListElement\":[{\"@type\":\"ListItem\",\"position\":1,\"name\":\"Trang ch\u1ee7\",\"item\":\"https:\/\/htled.vn\/\"},{\"@type\":\"ListItem\",\"position\":2,\"name\":\"S\u1ea3n ph\u1ea9m\",\"item\":\"https:\/\/htled.vn\/?page_id=682\"},{\"@type\":\"ListItem\",\"position\":3,\"name\":\"\u0110\u00e8n LED \u0111\u01b0\u1eddng ph\u1ed1 h\u00ecnh c\u00e1 m\u1eadp\"}]},{\"@type\":\"WebSite\",\"@id\":\"https:\/\/htled.vn\/#website\",\"url\":\"https:\/\/htled.vn\/\",\"name\":\"\u0110\u00e8n LED HT Lighitng\",\"description\":\"HT led\",\"potentialAction\":[{\"@type\":\"SearchAction\",\"target\":{\"@type\":\"EntryPoint\",\"urlTemplate\":\"https:\/\/htled.vn\/?s={search_term_string}\"},\"query-input\":{\"@type\":\"PropertyValueSpecification\",\"valueRequired\":true,\"valueName\":\"search_term_string\"}}],\"inLanguage\":\"vi\"}]}<\/script>\n<!-- \/ Yoast SEO plugin. -->","yoast_head_json":{"title":"\u0110\u00e8n LED \u0111\u01b0\u1eddng ph\u1ed1 h\u00ecnh c\u00e1 m\u1eadp - \u0110\u00e8n LED HT Lighitng","robots":{"index":"noindex","follow":"follow","max-snippet":"max-snippet:-1","max-image-preview":"max-image-preview:large","max-video-preview":"max-video-preview:-1"},"og_locale":"vi_VN","og_type":"article","og_title":"\u0110\u00e8n LED \u0111\u01b0\u1eddng ph\u1ed1 h\u00ecnh c\u00e1 m\u1eadp - \u0110\u00e8n LED HT Lighitng","og_description":"Xu\u1ea5t X\u1ee9: Vi\u1ec7t Nam  H\u00e3ng S\u1ea3n Xu\u1ea5t: TLC Lighting  C\u00f4ng Su\u1ea5t: 20W, 50W, 100W, 150W.  K\u00edch Th\u01b0\u1edbc T\u01b0\u01a1ng \u1ee8ng: 510x220x80, 550x50x80, 880x340x100, 1050x520x120  Quang Th\u00f4ng T\u01b0\u01a1ng \u1ee8ng: 2600 Lm, 6500lm, 13000 Lm, 19500 Lm.  M\u00e0u S\u1eafc: V\u00e0ng\/Tr\u1eafng.  \u0110i\u1ec7n \u00c1p: AC 85-265V.  B\u1ea3o H\u00e0nh 24 Th\u00e1ng.","og_url":"https:\/\/htled.vn\/?product=den-led-duong-pho-hinh-ca-map","og_site_name":"\u0110\u00e8n LED HT Lighitng","article_modified_time":"2019-05-08T15:35:25+00:00","og_image":[{"width":700,"height":700,"url":"https:\/\/htled.vn\/wp-content\/uploads\/2019\/05\/den-led-duong-pho-hinh-ca-map-1667-2.jpg","type":"image\/jpeg"}],"twitter_card":"summary_large_image","twitter_misc":{"\u01af\u1edbc t\u00ednh th\u1eddi gian \u0111\u1ecdc":"3 ph\u00fat"},"schema":{"@context":"https:\/\/schema.org","@graph":[{"@type":"WebPage","@id":"https:\/\/htled.vn\/?product=den-led-duong-pho-hinh-ca-map","url":"https:\/\/htled.vn\/?product=den-led-duong-pho-hinh-ca-map","name":"\u0110\u00e8n LED \u0111\u01b0\u1eddng ph\u1ed1 h\u00ecnh c\u00e1 m\u1eadp - \u0110\u00e8n LED HT Lighitng","isPartOf":{"@id":"https:\/\/htled.vn\/#website"},"primaryImageOfPage":{"@id":"https:\/\/htled.vn\/?product=den-led-duong-pho-hinh-ca-map#primaryimage"},"image":{"@id":"https:\/\/htled.vn\/?product=den-led-duong-pho-hinh-ca-map#primaryimage"},"thumbnailUrl":"https:\/\/htled.vn\/wp-content\/uploads\/2019\/05\/den-led-duong-pho-hinh-ca-map-1667-2.jpg","datePublished":"2019-05-06T17:57:01+00:00","dateModified":"2019-05-08T15:35:25+00:00","breadcrumb":{"@id":"https:\/\/htled.vn\/?product=den-led-duong-pho-hinh-ca-map#breadcrumb"},"inLanguage":"vi","potentialAction":[{"@type":"ReadAction","target":["https:\/\/htled.vn\/?product=den-led-duong-pho-hinh-ca-map"]}]},{"@type":"ImageObject","inLanguage":"vi","@id":"https:\/\/htled.vn\/?product=den-led-duong-pho-hinh-ca-map#primaryimage","url":"https:\/\/htled.vn\/wp-content\/uploads\/2019\/05\/den-led-duong-pho-hinh-ca-map-1667-2.jpg","contentUrl":"https:\/\/htled.vn\/wp-content\/uploads\/2019\/05\/den-led-duong-pho-hinh-ca-map-1667-2.jpg","width":700,"height":700,"caption":"Den Led Duong Pho Hinh Ca Map 1667 2"},{"@type":"BreadcrumbList","@id":"https:\/\/htled.vn\/?product=den-led-duong-pho-hinh-ca-map#breadcrumb","itemListElement":[{"@type":"ListItem","position":1,"name":"Trang ch\u1ee7","item":"https:\/\/htled.vn\/"},{"@type":"ListItem","position":2,"name":"S\u1ea3n ph\u1ea9m","item":"https:\/\/htled.vn\/?page_id=682"},{"@type":"ListItem","position":3,"name":"\u0110\u00e8n LED \u0111\u01b0\u1eddng ph\u1ed1 h\u00ecnh c\u00e1 m\u1eadp"}]},{"@type":"WebSite","@id":"https:\/\/htled.vn\/#website","url":"https:\/\/htled.vn\/","name":"\u0110\u00e8n LED HT Lighitng","description":"HT led","potentialAction":[{"@type":"SearchAction","target":{"@type":"EntryPoint","urlTemplate":"https:\/\/htled.vn\/?s={search_term_string}"},"query-input":{"@type":"PropertyValueSpecification","valueRequired":true,"valueName":"search_term_string"}}],"inLanguage":"vi"}]}},"_links":{"self":[{"href":"https:\/\/htled.vn\/index.php?rest_route=\/wp\/v2\/product\/1667","targetHints":{"allow":["GET"]}}],"collection":[{"href":"https:\/\/htled.vn\/index.php?rest_route=\/wp\/v2\/product"}],"about":[{"href":"https:\/\/htled.vn\/index.php?rest_route=\/wp\/v2\/types\/product"}],"replies":[{"embeddable":true,"href":"https:\/\/htled.vn\/index.php?rest_route=%2Fwp%2Fv2%2Fcomments&post=1667"}],"wp:featuredmedia":[{"embeddable":true,"href":"https:\/\/htled.vn\/index.php?rest_route=\/wp\/v2\/media\/1671"}],"wp:attachment":[{"href":"https:\/\/htled.vn\/index.php?rest_route=%2Fwp%2Fv2%2Fmedia&parent=1667"}],"wp:term":[{"taxonomy":"product_brand","embeddable":true,"href":"https:\/\/htled.vn\/index.php?rest_route=%2Fwp%2Fv2%2Fproduct_brand&post=1667"},{"taxonomy":"product_cat","embeddable":true,"href":"https:\/\/htled.vn\/index.php?rest_route=%2Fwp%2Fv2%2Fproduct_cat&post=1667"},{"taxonomy":"product_tag","embeddable":true,"href":"https:\/\/htled.vn\/index.php?rest_route=%2Fwp%2Fv2%2Fproduct_tag&post=1667"}],"curies":[{"name":"wp","href":"https:\/\/api.w.org\/{rel}","templated":true}]}}