{"id":154,"date":"2018-11-04T08:28:17","date_gmt":"2018-11-04T08:28:17","guid":{"rendered":"https:\/\/denled.sonqb.com\/?page_id=154"},"modified":"2025-06-09T02:04:42","modified_gmt":"2025-06-09T02:04:42","slug":"chinh-sach-bao-hanh-den-led-tl-lighting","status":"publish","type":"page","link":"https:\/\/htled.vn\/?page_id=154","title":{"rendered":"Ch\u00ednh s\u00e1ch b\u1ea3o h\u00e0nh \u0111\u00e8n led HT Lighting"},"content":{"rendered":"<h1 class=\"uppercase\" style=\"text-align: center;\">Ch\u00ednh s\u00e1ch b\u1ea3o h\u00e0nh \u0111\u00e8n led TL Lighting<\/h1>\n<p><em><strong>S\u1ea3n ph\u1ea9m l\u1ed7i do nh\u00e0 s\u1ea3n xu\u1ea5t (ngu\u1ed3n kh\u00f4ng l\u00e0m vi\u1ec7c kh\u00f4ng \u1ed5n \u0111\u1ecbnh, \u00e1nh s\u00e1ng gi\u1ea3m\u00a0\u2028m\u1ea1nh sau 1 th\u1eddi gian s\u1eed d\u1ee5ng, kh\u00f4ng s\u00e1ng trong \u0111i\u1ec1u ki\u1ec7n l\u00e0m vi\u1ec7c b\u00ecnh th\u01b0\u1eddng). \u0110a s\u1ed1 s\u1ea3n ph\u1ea9m\u00a0\u0111\u00e8n LED si\u00eau s\u00e1ng\u00a0\u0111\u01b0\u1ee3c ch\u00fang t\u00f4i \u0111\u01b0\u1ee3c b\u1ea3o h\u00e0nh m\u1ed9t \u0111\u1ed5i m\u1ed9t trong su\u1ed1t th\u1eddi\u00a0\u2028gian 12 \u2013 24 th\u00e1ng. M\u1ed9t s\u1ed1 tr\u01b0\u1eddng h\u1ee3p ch\u00fang t\u00f4i s\u1ebd s\u1eeda ch\u1eefa v\u00e0 ho\u00e0n tr\u1ea3 l\u1ea1i s\u1ea3n ph\u1ea9m cho\u00a0\u2028Qu\u00fd kh\u00e1ch h\u00e0ng trong v\u00f2ng 7 ng\u00e0y.<\/strong><\/em><\/p>\n<p><img decoding=\"async\" class=\"aligncenter\" src=\"http:\/\/denled3.maugiaodien.com\/wp-content\/uploads\/2019\/05\/chinh-sach-bao-hanh-den-led-tl-lighting-154.jpg\" alt=\"K\u00e1\u00ba\u00bft qu\u00e1\u00ba\u00a3 h\u00c3\u00acnh \u00e1\u00ba\u00a3nh cho Ch\u00c3\u00adnh s\u00c3\u00a1ch b\u00e1\u00ba\u00a3o h\u00c3\u00a0nh\" \/><\/p>\n<p>S\u1ea3n ph\u1ea9m ch\u1ec9 \u0111\u01b0\u1ee3c b\u1ea3o h\u00e0nh khi c\u00f2n th\u1eddi h\u1ea1n b\u1ea3o h\u00e0nh \u0111\u01b0\u1ee3c ghi trong phi\u1ebfu b\u1ea3o h\u00e0nh,\u00a0\u2028tem b\u1ea3o h\u00e0nh.<br \/>\nB\u1ea3o h\u00e0nh kh\u00f4ng bao g\u1ed3m v\u1eadn chuy\u1ec3n h\u00e0ng v\u00e0 giao h\u00e0ng.<\/p>\n<h2>C\u00e1c tr\u01b0\u1eddng h\u1ee3p kh\u00f4ng \u0111\u01b0\u1ee3c \u00e1p d\u1ee5ng ch\u00ednh s\u00e1ch b\u1ea3o h\u00e0nh<\/h2>\n<ul>\n<li>S\u1ea3n ph\u1ea9m h\u1ebft th\u1eddi gian b\u1ea3o h\u00e0nh.<\/li>\n<li>C\u00e1c th\u00f4ng tin tr\u00ean s\u1ea3n ph\u1ea9m kh\u00f4ng tr\u00f9ng kh\u1edbp v\u1edbi th\u00f4ng tin ghi tr\u00ean phi\u1ebfu b\u1ea3o h\u00e0nh ho\u1eb7c\u00a0\u2028Phi\u1ebfu b\u1ea3o h\u00e0nh kh\u00f4ng \u0111\u01b0\u1ee3c \u0111i\u1ec1n \u0111\u1ea7y \u0111\u1ee7 c\u00e1c th\u00f4ng tin c\u01a1 b\u1ea3n (lo\u1ea1i b\u00f3ng, c\u00f4ng su\u1ea5t, th\u1eddi\u00a0\u2028gian b\u1ea3o h\u00e0nh\u2026)<br \/>\nTem b\u1ea3o h\u00e0nh d\u00e1m tr\u00ean s\u1ea3n kh\u00f4ng c\u00f2n nguy\u00ean v\u1eb9n; b\u1ecb nh\u00e0u, n\u00e1t kh\u00f4ng \u0111\u1ecdc \u0111\u01b0\u1ee3c; b\u1ecb t\u1ea9y,\u00a0\u2028xo\u00e1; b\u1ecb s\u1eeda ch\u1eefa n\u1ed9i dung.<\/li>\n<li>S\u1ea3n ph\u1ea9m KH\u00d4NG \u0111\u01b0\u1ee3c b\u1ea3o h\u00e0nh khi b\u1ecb ch\u1eadp n\u1ed5 m\u1eaft led, ngu\u1ed3n c\u1ee7a b\u00f3ng do s\u1ee7 d\u1ee5ng\u00a0\u2028kh\u00f4ng \u0111\u00fang m\u1ee5c \u0111\u00edch ho\u1eb7c sai theo ph\u1ea1m vi, \u0111i\u1ec1u ki\u1ec7n l\u00e0m vi\u1ec7c c\u1ee7a\u00a0b\u00f3ng \u0111\u00e8n led chi\u1ebfu s\u00e1ng.<\/li>\n<li>Thi\u1ebft b\u1ecb h\u1ecfng h\u00f3c do t\u00e1c \u0111\u1ed9ng c\u01a1 h\u1ecdc, bi\u1ebfn d\u1ea1ng, r\u01a1i, v\u1ee1, va \u0111\u1eadp, b\u1ecb x\u01b0\u1edbc, b\u1ecb h\u1ecfng do \u1ea9m\u00a0\u2028\u01b0\u1edbt, hoen r\u1ec9, ch\u1ea3y n\u01b0\u1edbc, \u0111\u1ed9ng v\u1eadt x\u00e2m nh\u1eadp v\u00e0o ho\u1eb7c c\u00e1c s\u1ef1 c\u1ed1 b\u1ea5t kh\u1ea3 kh\u00e1ng nh\u01b0 thi\u00ean\u00a0\u2028tai, ho\u1ea3 ho\u1ea1n, ch\u00e1y n\u1ed5 ho\u1eb7c con ngu\u1eddi l\u00e0m h\u1ecfng.H\u1ec7 th\u1ed1ng t\u1ea3n nhi\u1ec7t ph\u00eda sau \u0111\u00e8n \u0111\u1eb7t trong m\u00f4i tr\u01b0\u1eddng th\u00f4ng tho\u00e1ng (nhi\u1ec7t \u0111\u1ed9\u00a0\u2028kh\u00f4ng v\u01b0\u1ee3t qu\u00e1 55\u00b0C).<\/li>\n<li>T\u1ef1 \u00fd th\u00e1o d\u1ee1 tem b\u1ea3o h\u00e0nh tr\u00ean s\u1ea3n ph\u1ea9m, s\u1eeda ch\u1eefa b\u1edfi c\u00e1c c\u00e1 nh\u00e2n.<\/li>\n<\/ul>\n<h2>Ch\u00ednh s\u00e1ch b\u1ea3o h\u00e0nh\u00a0\u0111\u1ec1n b\u00f9<\/h2>\n<ul>\n<li>Do c\u00e1c s\u1ea3n ph\u1ea9m thay \u0111\u1ed5i li\u00ean t\u1ee5c c\u00e1c m\u1eabu m\u00e3 v\u00e0 t\u00ednh n\u0103ng k\u1ef9 thu\u1eadt, t\u1eeb \u0111\u00f3 c\u00f3 th\u1ec3 x\u1ea3y ra\u00a0\u2028tr\u01b0\u1eddng h\u1ee3p l\u00e0 sau m\u1ed9t th\u1eddi gian d\u00e0i s\u1eed d\u1ee5ng th\u00ec m\u1ed9t s\u1ed1 model ng\u1eebng s\u1ea3n xu\u1ea5t v\u00e0 kh\u00f4ng\u00a0\u2028c\u00f2n c\u00e1c linh ki\u1ec7n thay th\u1ebf.<\/li>\n<li>Do v\u1eady trong tr\u01b0\u1eddng h\u1ee3p b\u1ea5t kh\u1ea3 kh\u00e1ng s\u1ea3n ph\u1ea9m c\u1ee7a Qu\u00fd kh\u00e1ch v\u1eabn c\u00f2n th\u1eddi h\u1ea1n b\u1ea3o\u00a0\u2028h\u00e0nh v\u00e0 b\u1ecb h\u1ecfng nh\u01b0ng nh\u00e0 s\u1ea3n xu\u1ea5t v\u00e0 c\u00f4ng ty kh\u00f4ng th\u1ec3 ki\u1ebfm \u0111\u01b0\u1ee3c linh ki\u1ec7n thay th\u1ebf\u00a0\u2028th\u00ec s\u1ebd \u0111\u01b0\u1ee3c \u00e1p d\u1ee5ng ch\u00ednh s\u00e1ch thay th\u1ebf s\u1ea3n ph\u1ea9m c\u1ee7a Qu\u00fd kh\u00e1ch b\u1eb1ng m\u1ed9t s\u1ea3n ph\u1ea9m m\u1edbi\u00a0\u2028tinh v\u1edbi th\u1eddi h\u1ea1n b\u1ea3o h\u00e0nh v\u00e0 \u0111i\u1ec1u ki\u1ec7n b\u1ea3o h\u00e0nh nh\u01b0 khi b\u00e1n h\u00e0ng m\u1edbi th\u00f4ng th\u01b0\u1eddng v\u00e0\u00a0\u2028t\u00ednh t\u1eeb ng\u00e0y \u0111\u1ed5i h\u00e0ng.<\/li>\n<li>Qu\u00fd kh\u00e1ch s\u1ebd b\u00f9 th\u00eam ti\u1ec1n \u0111\u1ec3 \u0111\u1ed5i l\u1ea5y s\u1ea3n ph\u1ea9m m\u1edbi n\u00e0y theo\u00a0\u2028ph\u01b0\u01a1ng th\u1ee9c: L\u1ea5y gi\u00e1 b\u00e1n c\u1ee7a s\u1ea3n ph\u1ea9m m\u1edbi d\u1ef1 ki\u1ebfn s\u1ebd \u0111\u1ed5i sang tr\u1eeb \u0111i ph\u1ea7n gi\u00e1 tr\u1ecb c\u00f2n\u00a0\u2028l\u1ea1i s\u1ebd t\u00ednh ra ph\u1ea7n gi\u00e1 tr\u1ecb m\u1edbi Qu\u00fd kh\u00e1ch c\u1ea7n b\u00f9 th\u00eam.<\/li>\n<\/ul>\n<h2>Quy \u0111\u1ecbnh \u0111\u1ed5i v\u00e0 tr\u1ea3 h\u00e0ng<\/h2>\n<ul>\n<li>Do nh\u00e2n vi\u00ean giao nh\u1ea7m v\u1ec1: M\u00e0u, m\u00e3 s\u1ea3n ph\u1ea9m, sai v\u1edbi m\u1eabu kh\u00e1ch h\u00e0ng y\u00eau c\u1ea7u.<\/li>\n<li>S\u1ea3n ph\u1ea9m \u0111\u1ed5i ph\u1ea3i ch\u01b0a qua s\u1eed d\u1ee5ng, c\u00f2n nguy\u00ean tem, nh\u00e3n m\u00e1c, kh\u00f4ng b\u1ecb tr\u1ea7y\u00a0\u2028x\u01b0\u1edbc.<\/li>\n<li>Qu\u00fd kh\u00e1ch \u0111\u01b0\u1ee3c mi\u1ec5n ph\u00ed chuy\u1ec3n tr\u1ea3 h\u00e0ng\u00a0\u2028trong v\u00f2ng 24h sau khi nh\u1eadn \u0111\u01b0\u1ee3c h\u00e0ng, qu\u00fd kh\u00e1ch vui l\u00f2ng li\u00ean h\u1ec7 v\u1edbi nh\u00e2n vi\u00ean b\u00e1n h\u00e0ng c\u1ee7a\u00a0\u2028c\u00f4ng ty \u0111\u1ec3 th\u00f4ng b\u00e1o v\u1ec1 t\u00ecnh tr\u1ea1ng s\u1ea3n ph\u1ea9m n\u1ebfu c\u00f3 l\u1ed7i.<\/li>\n<\/ul>\n<p>Th\u00f4ng tin chi ti\u1ebft th\u00eam qu\u00fd kh\u00e1ch vui l\u00f2ng li\u00ean h\u1ec7\u00a0 <strong>0962.373.140<\/strong>.<\/p>\n","protected":false},"excerpt":{"rendered":"<p>Ch\u00ednh s\u00e1ch b\u1ea3o h\u00e0nh \u0111\u00e8n led TL Lighting S\u1ea3n ph\u1ea9m l\u1ed7i do nh\u00e0 s\u1ea3n xu\u1ea5t (ngu\u1ed3n kh\u00f4ng l\u00e0m vi\u1ec7c kh\u00f4ng \u1ed5n \u0111\u1ecbnh, \u00e1nh s\u00e1ng gi\u1ea3m\u00a0\u2028m\u1ea1nh sau 1 th\u1eddi gian s\u1eed d\u1ee5ng, kh\u00f4ng s\u00e1ng trong \u0111i\u1ec1u ki\u1ec7n l\u00e0m vi\u1ec7c b\u00ecnh th\u01b0\u1eddng). \u0110a s\u1ed1 s\u1ea3n ph\u1ea9m\u00a0\u0111\u00e8n LED si\u00eau s\u00e1ng\u00a0\u0111\u01b0\u1ee3c ch\u00fang t\u00f4i \u0111\u01b0\u1ee3c b\u1ea3o h\u00e0nh m\u1ed9t \u0111\u1ed5i m\u1ed9t&#8230;<\/p>\n","protected":false},"author":1,"featured_media":1645,"parent":0,"menu_order":0,"comment_status":"closed","ping_status":"closed","template":"page-right-sidebar.php","meta":{"footnotes":""},"class_list":["post-154","page","type-page","status-publish","has-post-thumbnail","hentry"],"yoast_head":"<!-- This site is optimized with the Yoast SEO plugin v25.1 - https:\/\/yoast.com\/wordpress\/plugins\/seo\/ -->\n<title>Ch\u00ednh s\u00e1ch b\u1ea3o h\u00e0nh \u0111\u00e8n led HT Lighting - \u0110\u00e8n LED HT Lighitng<\/title>\n<meta name=\"robots\" content=\"noindex, follow, max-snippet:-1, max-image-preview:large, max-video-preview:-1\" \/>\n<meta property=\"og:locale\" content=\"vi_VN\" \/>\n<meta property=\"og:type\" content=\"article\" \/>\n<meta property=\"og:title\" content=\"Ch\u00ednh s\u00e1ch b\u1ea3o h\u00e0nh \u0111\u00e8n led HT Lighting - \u0110\u00e8n LED HT Lighitng\" \/>\n<meta property=\"og:description\" content=\"Ch\u00ednh s\u00e1ch b\u1ea3o h\u00e0nh \u0111\u00e8n led TL Lighting S\u1ea3n ph\u1ea9m l\u1ed7i do nh\u00e0 s\u1ea3n xu\u1ea5t (ngu\u1ed3n kh\u00f4ng l\u00e0m vi\u1ec7c kh\u00f4ng \u1ed5n \u0111\u1ecbnh, \u00e1nh s\u00e1ng gi\u1ea3m\u00a0\u2028m\u1ea1nh sau 1 th\u1eddi gian s\u1eed d\u1ee5ng, kh\u00f4ng s\u00e1ng trong \u0111i\u1ec1u ki\u1ec7n l\u00e0m vi\u1ec7c b\u00ecnh th\u01b0\u1eddng). \u0110a s\u1ed1 s\u1ea3n ph\u1ea9m\u00a0\u0111\u00e8n LED si\u00eau s\u00e1ng\u00a0\u0111\u01b0\u1ee3c ch\u00fang t\u00f4i \u0111\u01b0\u1ee3c b\u1ea3o h\u00e0nh m\u1ed9t \u0111\u1ed5i m\u1ed9t...\" \/>\n<meta property=\"og:url\" content=\"https:\/\/htled.vn\/?page_id=154\" \/>\n<meta property=\"og:site_name\" content=\"\u0110\u00e8n LED HT Lighitng\" \/>\n<meta property=\"article:modified_time\" content=\"2025-06-09T02:04:42+00:00\" \/>\n<meta property=\"og:image\" content=\"https:\/\/htled.vn\/wp-content\/uploads\/2019\/05\/chinh-sach-bao-hanh-den-led-tl-lighting-154.jpg\" \/>\n\t<meta property=\"og:image:width\" content=\"565\" \/>\n\t<meta property=\"og:image:height\" content=\"318\" \/>\n\t<meta property=\"og:image:type\" content=\"image\/jpeg\" \/>\n<meta name=\"twitter:card\" content=\"summary_large_image\" \/>\n<meta name=\"twitter:label1\" content=\"\u01af\u1edbc t\u00ednh th\u1eddi gian \u0111\u1ecdc\" \/>\n\t<meta name=\"twitter:data1\" content=\"4 ph\u00fat\" \/>\n<script type=\"application\/ld+json\" class=\"yoast-schema-graph\">{\"@context\":\"https:\/\/schema.org\",\"@graph\":[{\"@type\":\"WebPage\",\"@id\":\"https:\/\/htled.vn\/?page_id=154\",\"url\":\"https:\/\/htled.vn\/?page_id=154\",\"name\":\"Ch\u00ednh s\u00e1ch b\u1ea3o h\u00e0nh \u0111\u00e8n led HT Lighting - \u0110\u00e8n LED HT Lighitng\",\"isPartOf\":{\"@id\":\"https:\/\/htled.vn\/#website\"},\"primaryImageOfPage\":{\"@id\":\"https:\/\/htled.vn\/?page_id=154#primaryimage\"},\"image\":{\"@id\":\"https:\/\/htled.vn\/?page_id=154#primaryimage\"},\"thumbnailUrl\":\"https:\/\/htled.vn\/wp-content\/uploads\/2019\/05\/chinh-sach-bao-hanh-den-led-tl-lighting-154.jpg\",\"datePublished\":\"2018-11-04T08:28:17+00:00\",\"dateModified\":\"2025-06-09T02:04:42+00:00\",\"breadcrumb\":{\"@id\":\"https:\/\/htled.vn\/?page_id=154#breadcrumb\"},\"inLanguage\":\"vi\",\"potentialAction\":[{\"@type\":\"ReadAction\",\"target\":[\"https:\/\/htled.vn\/?page_id=154\"]}]},{\"@type\":\"ImageObject\",\"inLanguage\":\"vi\",\"@id\":\"https:\/\/htled.vn\/?page_id=154#primaryimage\",\"url\":\"https:\/\/htled.vn\/wp-content\/uploads\/2019\/05\/chinh-sach-bao-hanh-den-led-tl-lighting-154.jpg\",\"contentUrl\":\"https:\/\/htled.vn\/wp-content\/uploads\/2019\/05\/chinh-sach-bao-hanh-den-led-tl-lighting-154.jpg\",\"width\":565,\"height\":318,\"caption\":\"Chinh Sach Bao Hanh Den Led Tl Lighting 154\"},{\"@type\":\"BreadcrumbList\",\"@id\":\"https:\/\/htled.vn\/?page_id=154#breadcrumb\",\"itemListElement\":[{\"@type\":\"ListItem\",\"position\":1,\"name\":\"Trang ch\u1ee7\",\"item\":\"https:\/\/htled.vn\/\"},{\"@type\":\"ListItem\",\"position\":2,\"name\":\"Ch\u00ednh s\u00e1ch b\u1ea3o h\u00e0nh \u0111\u00e8n led HT Lighting\"}]},{\"@type\":\"WebSite\",\"@id\":\"https:\/\/htled.vn\/#website\",\"url\":\"https:\/\/htled.vn\/\",\"name\":\"\u0110\u00e8n LED HT Lighitng\",\"description\":\"HT led\",\"potentialAction\":[{\"@type\":\"SearchAction\",\"target\":{\"@type\":\"EntryPoint\",\"urlTemplate\":\"https:\/\/htled.vn\/?s={search_term_string}\"},\"query-input\":{\"@type\":\"PropertyValueSpecification\",\"valueRequired\":true,\"valueName\":\"search_term_string\"}}],\"inLanguage\":\"vi\"}]}<\/script>\n<!-- \/ Yoast SEO plugin. -->","yoast_head_json":{"title":"Ch\u00ednh s\u00e1ch b\u1ea3o h\u00e0nh \u0111\u00e8n led HT Lighting - \u0110\u00e8n LED HT Lighitng","robots":{"index":"noindex","follow":"follow","max-snippet":"max-snippet:-1","max-image-preview":"max-image-preview:large","max-video-preview":"max-video-preview:-1"},"og_locale":"vi_VN","og_type":"article","og_title":"Ch\u00ednh s\u00e1ch b\u1ea3o h\u00e0nh \u0111\u00e8n led HT Lighting - \u0110\u00e8n LED HT Lighitng","og_description":"Ch\u00ednh s\u00e1ch b\u1ea3o h\u00e0nh \u0111\u00e8n led TL Lighting S\u1ea3n ph\u1ea9m l\u1ed7i do nh\u00e0 s\u1ea3n xu\u1ea5t (ngu\u1ed3n kh\u00f4ng l\u00e0m vi\u1ec7c kh\u00f4ng \u1ed5n \u0111\u1ecbnh, \u00e1nh s\u00e1ng gi\u1ea3m\u00a0\u2028m\u1ea1nh sau 1 th\u1eddi gian s\u1eed d\u1ee5ng, kh\u00f4ng s\u00e1ng trong \u0111i\u1ec1u ki\u1ec7n l\u00e0m vi\u1ec7c b\u00ecnh th\u01b0\u1eddng). \u0110a s\u1ed1 s\u1ea3n ph\u1ea9m\u00a0\u0111\u00e8n LED si\u00eau s\u00e1ng\u00a0\u0111\u01b0\u1ee3c ch\u00fang t\u00f4i \u0111\u01b0\u1ee3c b\u1ea3o h\u00e0nh m\u1ed9t \u0111\u1ed5i m\u1ed9t...","og_url":"https:\/\/htled.vn\/?page_id=154","og_site_name":"\u0110\u00e8n LED HT Lighitng","article_modified_time":"2025-06-09T02:04:42+00:00","og_image":[{"width":565,"height":318,"url":"https:\/\/htled.vn\/wp-content\/uploads\/2019\/05\/chinh-sach-bao-hanh-den-led-tl-lighting-154.jpg","type":"image\/jpeg"}],"twitter_card":"summary_large_image","twitter_misc":{"\u01af\u1edbc t\u00ednh th\u1eddi gian \u0111\u1ecdc":"4 ph\u00fat"},"schema":{"@context":"https:\/\/schema.org","@graph":[{"@type":"WebPage","@id":"https:\/\/htled.vn\/?page_id=154","url":"https:\/\/htled.vn\/?page_id=154","name":"Ch\u00ednh s\u00e1ch b\u1ea3o h\u00e0nh \u0111\u00e8n led HT Lighting - \u0110\u00e8n LED HT Lighitng","isPartOf":{"@id":"https:\/\/htled.vn\/#website"},"primaryImageOfPage":{"@id":"https:\/\/htled.vn\/?page_id=154#primaryimage"},"image":{"@id":"https:\/\/htled.vn\/?page_id=154#primaryimage"},"thumbnailUrl":"https:\/\/htled.vn\/wp-content\/uploads\/2019\/05\/chinh-sach-bao-hanh-den-led-tl-lighting-154.jpg","datePublished":"2018-11-04T08:28:17+00:00","dateModified":"2025-06-09T02:04:42+00:00","breadcrumb":{"@id":"https:\/\/htled.vn\/?page_id=154#breadcrumb"},"inLanguage":"vi","potentialAction":[{"@type":"ReadAction","target":["https:\/\/htled.vn\/?page_id=154"]}]},{"@type":"ImageObject","inLanguage":"vi","@id":"https:\/\/htled.vn\/?page_id=154#primaryimage","url":"https:\/\/htled.vn\/wp-content\/uploads\/2019\/05\/chinh-sach-bao-hanh-den-led-tl-lighting-154.jpg","contentUrl":"https:\/\/htled.vn\/wp-content\/uploads\/2019\/05\/chinh-sach-bao-hanh-den-led-tl-lighting-154.jpg","width":565,"height":318,"caption":"Chinh Sach Bao Hanh Den Led Tl Lighting 154"},{"@type":"BreadcrumbList","@id":"https:\/\/htled.vn\/?page_id=154#breadcrumb","itemListElement":[{"@type":"ListItem","position":1,"name":"Trang ch\u1ee7","item":"https:\/\/htled.vn\/"},{"@type":"ListItem","position":2,"name":"Ch\u00ednh s\u00e1ch b\u1ea3o h\u00e0nh \u0111\u00e8n led HT Lighting"}]},{"@type":"WebSite","@id":"https:\/\/htled.vn\/#website","url":"https:\/\/htled.vn\/","name":"\u0110\u00e8n LED HT Lighitng","description":"HT led","potentialAction":[{"@type":"SearchAction","target":{"@type":"EntryPoint","urlTemplate":"https:\/\/htled.vn\/?s={search_term_string}"},"query-input":{"@type":"PropertyValueSpecification","valueRequired":true,"valueName":"search_term_string"}}],"inLanguage":"vi"}]}},"_links":{"self":[{"href":"https:\/\/htled.vn\/index.php?rest_route=\/wp\/v2\/pages\/154","targetHints":{"allow":["GET"]}}],"collection":[{"href":"https:\/\/htled.vn\/index.php?rest_route=\/wp\/v2\/pages"}],"about":[{"href":"https:\/\/htled.vn\/index.php?rest_route=\/wp\/v2\/types\/page"}],"author":[{"embeddable":true,"href":"https:\/\/htled.vn\/index.php?rest_route=\/wp\/v2\/users\/1"}],"replies":[{"embeddable":true,"href":"https:\/\/htled.vn\/index.php?rest_route=%2Fwp%2Fv2%2Fcomments&post=154"}],"version-history":[{"count":5,"href":"https:\/\/htled.vn\/index.php?rest_route=\/wp\/v2\/pages\/154\/revisions"}],"predecessor-version":[{"id":1856,"href":"https:\/\/htled.vn\/index.php?rest_route=\/wp\/v2\/pages\/154\/revisions\/1856"}],"wp:featuredmedia":[{"embeddable":true,"href":"https:\/\/htled.vn\/index.php?rest_route=\/wp\/v2\/media\/1645"}],"wp:attachment":[{"href":"https:\/\/htled.vn\/index.php?rest_route=%2Fwp%2Fv2%2Fmedia&parent=154"}],"curies":[{"name":"wp","href":"https:\/\/api.w.org\/{rel}","templated":true}]}}